{"id":4442,"date":"2025-10-22T15:32:53","date_gmt":"2025-10-22T13:32:53","guid":{"rendered":"https:\/\/cz.gigroup.com\/10-duvodu-proc-si-hledat-praci-pres-personalni-agenturu\/"},"modified":"2026-03-17T23:33:11","modified_gmt":"2026-03-17T22:33:11","slug":"10-reasons-to-look-for-a-job-through-a-recruitment-agency","status":"publish","type":"page","link":"https:\/\/cz.gigroup.com\/en\/for-candidates\/10-reasons-to-look-for-a-job-through-a-recruitment-agency\/","title":{"rendered":"10 Reasons to Look for a Job Through a Recruitment Agency"},"content":{"rendered":"","protected":false},"excerpt":{"rendered":"","protected":false},"author":1,"featured_media":4429,"parent":5924,"menu_order":0,"comment_status":"closed","ping_status":"closed","template":"","meta":{"footnotes":""},"class_list":["post-4442","page","type-page","status-publish","has-post-thumbnail","hentry"],"yoast_head":"<!-- This site is optimized with the Yoast SEO Premium plugin v27.4 (Yoast SEO v27.4) - https:\/\/yoast.com\/product\/yoast-seo-premium-wordpress\/ -->\n<title>10 Reasons to Find a Job Through a Recruitment Agency - Gi Group Czech Rep<\/title>\n<meta name=\"description\" content=\"Hledat pr\u00e1ci p\u0159es agenturu p\u0159edstavuje vy\u0161\u0161\u00ed \u0161anci, \u017ee se o nab\u00eddce dozv\u00edte a budete dob\u0159e p\u0159ipraveni na pohovor.\" \/>\n<meta name=\"robots\" content=\"index, follow, max-snippet:-1, max-image-preview:large, max-video-preview:-1\" \/>\n<link rel=\"canonical\" href=\"https:\/\/cz.gigroup.com\/en\/for-candidates\/10-reasons-to-look-for-a-job-through-a-recruitment-agency\/\" \/>\n<meta property=\"og:locale\" content=\"en_GB\" \/>\n<meta property=\"og:type\" content=\"article\" \/>\n<meta property=\"og:title\" content=\"10 Reasons to Look for a Job Through a Recruitment Agency\" \/>\n<meta property=\"og:description\" content=\"Hledat pr\u00e1ci p\u0159es agenturu p\u0159edstavuje vy\u0161\u0161\u00ed \u0161anci, \u017ee se o nab\u00eddce dozv\u00edte a budete dob\u0159e p\u0159ipraveni na pohovor.\" \/>\n<meta property=\"og:url\" content=\"https:\/\/cz.gigroup.com\/en\/for-candidates\/10-reasons-to-look-for-a-job-through-a-recruitment-agency\/\" \/>\n<meta property=\"og:site_name\" content=\"Gi Group Czech Rep\" \/>\n<meta property=\"article:modified_time\" content=\"2026-03-17T22:33:11+00:00\" \/>\n<meta property=\"og:image\" content=\"https:\/\/cz.gigroup.com\/wp-content\/uploads\/sites\/22\/company-hr-recruiting-2.webp\" \/>\n\t<meta property=\"og:image:width\" content=\"900\" \/>\n\t<meta property=\"og:image:height\" content=\"600\" \/>\n\t<meta property=\"og:image:type\" content=\"image\/webp\" \/>\n<meta name=\"twitter:card\" content=\"summary_large_image\" \/>\n<script type=\"application\/ld+json\" class=\"yoast-schema-graph\">{\"@context\":\"https:\\\/\\\/schema.org\",\"@graph\":[{\"@type\":\"WebPage\",\"@id\":\"https:\\\/\\\/cz.gigroup.com\\\/en\\\/for-candidates\\\/10-reasons-to-look-for-a-job-through-a-recruitment-agency\\\/\",\"url\":\"https:\\\/\\\/cz.gigroup.com\\\/en\\\/for-candidates\\\/10-reasons-to-look-for-a-job-through-a-recruitment-agency\\\/\",\"name\":\"10 Reasons to Find a Job Through a Recruitment Agency - Gi Group Czech Rep\",\"isPartOf\":{\"@id\":\"https:\\\/\\\/cz.gigroup.com\\\/#website\"},\"primaryImageOfPage\":{\"@id\":\"https:\\\/\\\/cz.gigroup.com\\\/en\\\/for-candidates\\\/10-reasons-to-look-for-a-job-through-a-recruitment-agency\\\/#primaryimage\"},\"image\":{\"@id\":\"https:\\\/\\\/cz.gigroup.com\\\/en\\\/for-candidates\\\/10-reasons-to-look-for-a-job-through-a-recruitment-agency\\\/#primaryimage\"},\"thumbnailUrl\":\"https:\\\/\\\/cz.gigroup.com\\\/wp-content\\\/uploads\\\/sites\\\/22\\\/company-hr-recruiting-2.webp\",\"datePublished\":\"2025-10-22T13:32:53+00:00\",\"dateModified\":\"2026-03-17T22:33:11+00:00\",\"description\":\"Hledat pr\u00e1ci p\u0159es agenturu p\u0159edstavuje vy\u0161\u0161\u00ed \u0161anci, \u017ee se o nab\u00eddce dozv\u00edte a budete dob\u0159e p\u0159ipraveni na pohovor.\",\"breadcrumb\":{\"@id\":\"https:\\\/\\\/cz.gigroup.com\\\/en\\\/for-candidates\\\/10-reasons-to-look-for-a-job-through-a-recruitment-agency\\\/#breadcrumb\"},\"inLanguage\":\"en-GB\",\"potentialAction\":[{\"@type\":\"ReadAction\",\"target\":[\"https:\\\/\\\/cz.gigroup.com\\\/en\\\/for-candidates\\\/10-reasons-to-look-for-a-job-through-a-recruitment-agency\\\/\"]}]},{\"@type\":\"ImageObject\",\"inLanguage\":\"en-GB\",\"@id\":\"https:\\\/\\\/cz.gigroup.com\\\/en\\\/for-candidates\\\/10-reasons-to-look-for-a-job-through-a-recruitment-agency\\\/#primaryimage\",\"url\":\"https:\\\/\\\/cz.gigroup.com\\\/wp-content\\\/uploads\\\/sites\\\/22\\\/company-hr-recruiting-2.webp\",\"contentUrl\":\"https:\\\/\\\/cz.gigroup.com\\\/wp-content\\\/uploads\\\/sites\\\/22\\\/company-hr-recruiting-2.webp\",\"width\":900,\"height\":600,\"caption\":\"10 d\u016fvod\u016f, pro\u010d si hledat pr\u00e1ci p\u0159es person\u00e1ln\u00ed agenturuHome\"},{\"@type\":\"BreadcrumbList\",\"@id\":\"https:\\\/\\\/cz.gigroup.com\\\/en\\\/for-candidates\\\/10-reasons-to-look-for-a-job-through-a-recruitment-agency\\\/#breadcrumb\",\"itemListElement\":[{\"@type\":\"ListItem\",\"position\":1,\"name\":\"Home\",\"item\":\"https:\\\/\\\/cz.gigroup.com\\\/en\\\/home\\\/\"},{\"@type\":\"ListItem\",\"position\":2,\"name\":\"For Candidates\",\"item\":\"https:\\\/\\\/cz.gigroup.com\\\/en\\\/for-candidates\\\/\"},{\"@type\":\"ListItem\",\"position\":3,\"name\":\"10 Reasons to Look for a Job Through a Recruitment Agency\"}]},{\"@type\":\"WebSite\",\"@id\":\"https:\\\/\\\/cz.gigroup.com\\\/#website\",\"url\":\"https:\\\/\\\/cz.gigroup.com\\\/\",\"name\":\"Gi Group Czech Rep\",\"description\":\"\u0158e\u0161en\u00ed do\u010dasn\u00e9ho i trval\u00e9ho zam\u011bstn\u00e1v\u00e1n\u00ed pro firmy\",\"potentialAction\":[{\"@type\":\"SearchAction\",\"target\":{\"@type\":\"EntryPoint\",\"urlTemplate\":\"https:\\\/\\\/cz.gigroup.com\\\/?s={search_term_string}\"},\"query-input\":{\"@type\":\"PropertyValueSpecification\",\"valueRequired\":true,\"valueName\":\"search_term_string\"}}],\"inLanguage\":\"en-GB\"}]}<\/script>\n<!-- \/ Yoast SEO Premium plugin. -->","yoast_head_json":{"title":"10 Reasons to Find a Job Through a Recruitment Agency - Gi Group Czech Rep","description":"Hledat pr\u00e1ci p\u0159es agenturu p\u0159edstavuje vy\u0161\u0161\u00ed \u0161anci, \u017ee se o nab\u00eddce dozv\u00edte a budete dob\u0159e p\u0159ipraveni na pohovor.","robots":{"index":"index","follow":"follow","max-snippet":"max-snippet:-1","max-image-preview":"max-image-preview:large","max-video-preview":"max-video-preview:-1"},"canonical":"https:\/\/cz.gigroup.com\/en\/for-candidates\/10-reasons-to-look-for-a-job-through-a-recruitment-agency\/","og_locale":"en_GB","og_type":"article","og_title":"10 Reasons to Look for a Job Through a Recruitment Agency","og_description":"Hledat pr\u00e1ci p\u0159es agenturu p\u0159edstavuje vy\u0161\u0161\u00ed \u0161anci, \u017ee se o nab\u00eddce dozv\u00edte a budete dob\u0159e p\u0159ipraveni na pohovor.","og_url":"https:\/\/cz.gigroup.com\/en\/for-candidates\/10-reasons-to-look-for-a-job-through-a-recruitment-agency\/","og_site_name":"Gi Group Czech Rep","article_modified_time":"2026-03-17T22:33:11+00:00","og_image":[{"width":900,"height":600,"url":"https:\/\/cz.gigroup.com\/wp-content\/uploads\/sites\/22\/company-hr-recruiting-2.webp","type":"image\/webp"}],"twitter_card":"summary_large_image","schema":{"@context":"https:\/\/schema.org","@graph":[{"@type":"WebPage","@id":"https:\/\/cz.gigroup.com\/en\/for-candidates\/10-reasons-to-look-for-a-job-through-a-recruitment-agency\/","url":"https:\/\/cz.gigroup.com\/en\/for-candidates\/10-reasons-to-look-for-a-job-through-a-recruitment-agency\/","name":"10 Reasons to Find a Job Through a Recruitment Agency - Gi Group Czech Rep","isPartOf":{"@id":"https:\/\/cz.gigroup.com\/#website"},"primaryImageOfPage":{"@id":"https:\/\/cz.gigroup.com\/en\/for-candidates\/10-reasons-to-look-for-a-job-through-a-recruitment-agency\/#primaryimage"},"image":{"@id":"https:\/\/cz.gigroup.com\/en\/for-candidates\/10-reasons-to-look-for-a-job-through-a-recruitment-agency\/#primaryimage"},"thumbnailUrl":"https:\/\/cz.gigroup.com\/wp-content\/uploads\/sites\/22\/company-hr-recruiting-2.webp","datePublished":"2025-10-22T13:32:53+00:00","dateModified":"2026-03-17T22:33:11+00:00","description":"Hledat pr\u00e1ci p\u0159es agenturu p\u0159edstavuje vy\u0161\u0161\u00ed \u0161anci, \u017ee se o nab\u00eddce dozv\u00edte a budete dob\u0159e p\u0159ipraveni na pohovor.","breadcrumb":{"@id":"https:\/\/cz.gigroup.com\/en\/for-candidates\/10-reasons-to-look-for-a-job-through-a-recruitment-agency\/#breadcrumb"},"inLanguage":"en-GB","potentialAction":[{"@type":"ReadAction","target":["https:\/\/cz.gigroup.com\/en\/for-candidates\/10-reasons-to-look-for-a-job-through-a-recruitment-agency\/"]}]},{"@type":"ImageObject","inLanguage":"en-GB","@id":"https:\/\/cz.gigroup.com\/en\/for-candidates\/10-reasons-to-look-for-a-job-through-a-recruitment-agency\/#primaryimage","url":"https:\/\/cz.gigroup.com\/wp-content\/uploads\/sites\/22\/company-hr-recruiting-2.webp","contentUrl":"https:\/\/cz.gigroup.com\/wp-content\/uploads\/sites\/22\/company-hr-recruiting-2.webp","width":900,"height":600,"caption":"10 d\u016fvod\u016f, pro\u010d si hledat pr\u00e1ci p\u0159es person\u00e1ln\u00ed agenturuHome"},{"@type":"BreadcrumbList","@id":"https:\/\/cz.gigroup.com\/en\/for-candidates\/10-reasons-to-look-for-a-job-through-a-recruitment-agency\/#breadcrumb","itemListElement":[{"@type":"ListItem","position":1,"name":"Home","item":"https:\/\/cz.gigroup.com\/en\/home\/"},{"@type":"ListItem","position":2,"name":"For Candidates","item":"https:\/\/cz.gigroup.com\/en\/for-candidates\/"},{"@type":"ListItem","position":3,"name":"10 Reasons to Look for a Job Through a Recruitment Agency"}]},{"@type":"WebSite","@id":"https:\/\/cz.gigroup.com\/#website","url":"https:\/\/cz.gigroup.com\/","name":"Gi Group Czech Rep","description":"\u0158e\u0161en\u00ed do\u010dasn\u00e9ho i trval\u00e9ho zam\u011bstn\u00e1v\u00e1n\u00ed pro firmy","potentialAction":[{"@type":"SearchAction","target":{"@type":"EntryPoint","urlTemplate":"https:\/\/cz.gigroup.com\/?s={search_term_string}"},"query-input":{"@type":"PropertyValueSpecification","valueRequired":true,"valueName":"search_term_string"}}],"inLanguage":"en-GB"}]}},"_links":{"self":[{"href":"https:\/\/cz.gigroup.com\/en\/wp-json\/wp\/v2\/pages\/4442","targetHints":{"allow":["GET"]}}],"collection":[{"href":"https:\/\/cz.gigroup.com\/en\/wp-json\/wp\/v2\/pages"}],"about":[{"href":"https:\/\/cz.gigroup.com\/en\/wp-json\/wp\/v2\/types\/page"}],"author":[{"embeddable":true,"href":"https:\/\/cz.gigroup.com\/en\/wp-json\/wp\/v2\/users\/1"}],"replies":[{"embeddable":true,"href":"https:\/\/cz.gigroup.com\/en\/wp-json\/wp\/v2\/comments?post=4442"}],"version-history":[{"count":6,"href":"https:\/\/cz.gigroup.com\/en\/wp-json\/wp\/v2\/pages\/4442\/revisions"}],"predecessor-version":[{"id":5954,"href":"https:\/\/cz.gigroup.com\/en\/wp-json\/wp\/v2\/pages\/4442\/revisions\/5954"}],"up":[{"embeddable":true,"href":"https:\/\/cz.gigroup.com\/en\/wp-json\/wp\/v2\/pages\/5924"}],"wp:featuredmedia":[{"embeddable":true,"href":"https:\/\/cz.gigroup.com\/en\/wp-json\/wp\/v2\/media\/4429"}],"wp:attachment":[{"href":"https:\/\/cz.gigroup.com\/en\/wp-json\/wp\/v2\/media?parent=4442"}],"curies":[{"name":"wp","href":"https:\/\/api.w.org\/{rel}","templated":true}]}}