{"id":4448,"date":"2024-12-23T14:49:52","date_gmt":"2024-12-23T13:49:52","guid":{"rendered":"https:\/\/cz.gigroup.com\/o-gi-group\/"},"modified":"2026-03-30T10:19:15","modified_gmt":"2026-03-30T08:19:15","slug":"about-gigroup","status":"publish","type":"page","link":"https:\/\/cz.gigroup.com\/en\/about-gigroup\/","title":{"rendered":"About Gi Group"},"content":{"rendered":"","protected":false},"excerpt":{"rendered":"","protected":false},"author":1,"featured_media":4259,"parent":0,"menu_order":0,"comment_status":"closed","ping_status":"closed","template":"","meta":{"footnotes":""},"class_list":["post-4448","page","type-page","status-publish","has-post-thumbnail","hentry"],"yoast_head":"<!-- This site is optimized with the Yoast SEO Premium plugin v27.4 (Yoast SEO v27.4) - https:\/\/yoast.com\/product\/yoast-seo-premium-wordpress\/ -->\n<title>About Gi Group - Gi Group Czech Rep<\/title>\n<meta name=\"description\" content=\"Looking for the right job or the perfect workforce solution? We have got your back, empowering you to reach your goals.\" \/>\n<meta name=\"robots\" content=\"index, follow, max-snippet:-1, max-image-preview:large, max-video-preview:-1\" \/>\n<link rel=\"canonical\" href=\"https:\/\/cz.gigroup.com\/en\/about-gigroup\/\" \/>\n<meta property=\"og:locale\" content=\"en_GB\" \/>\n<meta property=\"og:type\" content=\"article\" \/>\n<meta property=\"og:title\" content=\"About Gi Group\" \/>\n<meta property=\"og:description\" content=\"Looking for the right job or the perfect workforce solution? We have got your back, empowering you to reach your goals.\" \/>\n<meta property=\"og:url\" content=\"https:\/\/cz.gigroup.com\/en\/about-gigroup\/\" \/>\n<meta property=\"og:site_name\" content=\"Gi Group Czech Rep\" \/>\n<meta property=\"article:modified_time\" content=\"2026-03-30T08:19:15+00:00\" \/>\n<meta property=\"og:image\" content=\"https:\/\/cz.gigroup.com\/wp-content\/uploads\/sites\/22\/header-about-us.webp\" \/>\n\t<meta property=\"og:image:width\" content=\"900\" \/>\n\t<meta property=\"og:image:height\" content=\"600\" \/>\n\t<meta property=\"og:image:type\" content=\"image\/webp\" \/>\n<meta name=\"twitter:card\" content=\"summary_large_image\" \/>\n<script type=\"application\/ld+json\" class=\"yoast-schema-graph\">{\"@context\":\"https:\\\/\\\/schema.org\",\"@graph\":[{\"@type\":\"WebPage\",\"@id\":\"https:\\\/\\\/cz.gigroup.com\\\/en\\\/about-gigroup\\\/\",\"url\":\"https:\\\/\\\/cz.gigroup.com\\\/en\\\/about-gigroup\\\/\",\"name\":\"About Gi Group - Gi Group Czech Rep\",\"isPartOf\":{\"@id\":\"https:\\\/\\\/cz.gigroup.com\\\/#website\"},\"primaryImageOfPage\":{\"@id\":\"https:\\\/\\\/cz.gigroup.com\\\/en\\\/about-gigroup\\\/#primaryimage\"},\"image\":{\"@id\":\"https:\\\/\\\/cz.gigroup.com\\\/en\\\/about-gigroup\\\/#primaryimage\"},\"thumbnailUrl\":\"https:\\\/\\\/cz.gigroup.com\\\/wp-content\\\/uploads\\\/sites\\\/22\\\/header-about-us.webp\",\"datePublished\":\"2024-12-23T13:49:52+00:00\",\"dateModified\":\"2026-03-30T08:19:15+00:00\",\"description\":\"Looking for the right job or the perfect workforce solution? We have got your back, empowering you to reach your goals.\",\"breadcrumb\":{\"@id\":\"https:\\\/\\\/cz.gigroup.com\\\/en\\\/about-gigroup\\\/#breadcrumb\"},\"inLanguage\":\"en-GB\",\"potentialAction\":[{\"@type\":\"ReadAction\",\"target\":[\"https:\\\/\\\/cz.gigroup.com\\\/en\\\/about-gigroup\\\/\"]}]},{\"@type\":\"ImageObject\",\"inLanguage\":\"en-GB\",\"@id\":\"https:\\\/\\\/cz.gigroup.com\\\/en\\\/about-gigroup\\\/#primaryimage\",\"url\":\"https:\\\/\\\/cz.gigroup.com\\\/wp-content\\\/uploads\\\/sites\\\/22\\\/header-about-us.webp\",\"contentUrl\":\"https:\\\/\\\/cz.gigroup.com\\\/wp-content\\\/uploads\\\/sites\\\/22\\\/header-about-us.webp\",\"width\":900,\"height\":600,\"caption\":\"O spole\u010dnosti Gi Group\"},{\"@type\":\"BreadcrumbList\",\"@id\":\"https:\\\/\\\/cz.gigroup.com\\\/en\\\/about-gigroup\\\/#breadcrumb\",\"itemListElement\":[{\"@type\":\"ListItem\",\"position\":1,\"name\":\"Home\",\"item\":\"https:\\\/\\\/cz.gigroup.com\\\/en\\\/home\\\/\"},{\"@type\":\"ListItem\",\"position\":2,\"name\":\"About Gi Group\"}]},{\"@type\":\"WebSite\",\"@id\":\"https:\\\/\\\/cz.gigroup.com\\\/#website\",\"url\":\"https:\\\/\\\/cz.gigroup.com\\\/\",\"name\":\"Gi Group Czech Rep\",\"description\":\"\u0158e\u0161en\u00ed do\u010dasn\u00e9ho i trval\u00e9ho zam\u011bstn\u00e1v\u00e1n\u00ed pro firmy\",\"potentialAction\":[{\"@type\":\"SearchAction\",\"target\":{\"@type\":\"EntryPoint\",\"urlTemplate\":\"https:\\\/\\\/cz.gigroup.com\\\/?s={search_term_string}\"},\"query-input\":{\"@type\":\"PropertyValueSpecification\",\"valueRequired\":true,\"valueName\":\"search_term_string\"}}],\"inLanguage\":\"en-GB\"}]}<\/script>\n<!-- \/ Yoast SEO Premium plugin. -->","yoast_head_json":{"title":"About Gi Group - Gi Group Czech Rep","description":"Looking for the right job or the perfect workforce solution? We have got your back, empowering you to reach your goals.","robots":{"index":"index","follow":"follow","max-snippet":"max-snippet:-1","max-image-preview":"max-image-preview:large","max-video-preview":"max-video-preview:-1"},"canonical":"https:\/\/cz.gigroup.com\/en\/about-gigroup\/","og_locale":"en_GB","og_type":"article","og_title":"About Gi Group","og_description":"Looking for the right job or the perfect workforce solution? We have got your back, empowering you to reach your goals.","og_url":"https:\/\/cz.gigroup.com\/en\/about-gigroup\/","og_site_name":"Gi Group Czech Rep","article_modified_time":"2026-03-30T08:19:15+00:00","og_image":[{"width":900,"height":600,"url":"https:\/\/cz.gigroup.com\/wp-content\/uploads\/sites\/22\/header-about-us.webp","type":"image\/webp"}],"twitter_card":"summary_large_image","schema":{"@context":"https:\/\/schema.org","@graph":[{"@type":"WebPage","@id":"https:\/\/cz.gigroup.com\/en\/about-gigroup\/","url":"https:\/\/cz.gigroup.com\/en\/about-gigroup\/","name":"About Gi Group - Gi Group Czech Rep","isPartOf":{"@id":"https:\/\/cz.gigroup.com\/#website"},"primaryImageOfPage":{"@id":"https:\/\/cz.gigroup.com\/en\/about-gigroup\/#primaryimage"},"image":{"@id":"https:\/\/cz.gigroup.com\/en\/about-gigroup\/#primaryimage"},"thumbnailUrl":"https:\/\/cz.gigroup.com\/wp-content\/uploads\/sites\/22\/header-about-us.webp","datePublished":"2024-12-23T13:49:52+00:00","dateModified":"2026-03-30T08:19:15+00:00","description":"Looking for the right job or the perfect workforce solution? We have got your back, empowering you to reach your goals.","breadcrumb":{"@id":"https:\/\/cz.gigroup.com\/en\/about-gigroup\/#breadcrumb"},"inLanguage":"en-GB","potentialAction":[{"@type":"ReadAction","target":["https:\/\/cz.gigroup.com\/en\/about-gigroup\/"]}]},{"@type":"ImageObject","inLanguage":"en-GB","@id":"https:\/\/cz.gigroup.com\/en\/about-gigroup\/#primaryimage","url":"https:\/\/cz.gigroup.com\/wp-content\/uploads\/sites\/22\/header-about-us.webp","contentUrl":"https:\/\/cz.gigroup.com\/wp-content\/uploads\/sites\/22\/header-about-us.webp","width":900,"height":600,"caption":"O spole\u010dnosti Gi Group"},{"@type":"BreadcrumbList","@id":"https:\/\/cz.gigroup.com\/en\/about-gigroup\/#breadcrumb","itemListElement":[{"@type":"ListItem","position":1,"name":"Home","item":"https:\/\/cz.gigroup.com\/en\/home\/"},{"@type":"ListItem","position":2,"name":"About Gi Group"}]},{"@type":"WebSite","@id":"https:\/\/cz.gigroup.com\/#website","url":"https:\/\/cz.gigroup.com\/","name":"Gi Group Czech Rep","description":"\u0158e\u0161en\u00ed do\u010dasn\u00e9ho i trval\u00e9ho zam\u011bstn\u00e1v\u00e1n\u00ed pro firmy","potentialAction":[{"@type":"SearchAction","target":{"@type":"EntryPoint","urlTemplate":"https:\/\/cz.gigroup.com\/?s={search_term_string}"},"query-input":{"@type":"PropertyValueSpecification","valueRequired":true,"valueName":"search_term_string"}}],"inLanguage":"en-GB"}]}},"_links":{"self":[{"href":"https:\/\/cz.gigroup.com\/en\/wp-json\/wp\/v2\/pages\/4448","targetHints":{"allow":["GET"]}}],"collection":[{"href":"https:\/\/cz.gigroup.com\/en\/wp-json\/wp\/v2\/pages"}],"about":[{"href":"https:\/\/cz.gigroup.com\/en\/wp-json\/wp\/v2\/types\/page"}],"author":[{"embeddable":true,"href":"https:\/\/cz.gigroup.com\/en\/wp-json\/wp\/v2\/users\/1"}],"replies":[{"embeddable":true,"href":"https:\/\/cz.gigroup.com\/en\/wp-json\/wp\/v2\/comments?post=4448"}],"version-history":[{"count":12,"href":"https:\/\/cz.gigroup.com\/en\/wp-json\/wp\/v2\/pages\/4448\/revisions"}],"predecessor-version":[{"id":6516,"href":"https:\/\/cz.gigroup.com\/en\/wp-json\/wp\/v2\/pages\/4448\/revisions\/6516"}],"wp:featuredmedia":[{"embeddable":true,"href":"https:\/\/cz.gigroup.com\/en\/wp-json\/wp\/v2\/media\/4259"}],"wp:attachment":[{"href":"https:\/\/cz.gigroup.com\/en\/wp-json\/wp\/v2\/media?parent=4448"}],"curies":[{"name":"wp","href":"https:\/\/api.w.org\/{rel}","templated":true}]}}