{"id":4455,"date":"2025-01-16T09:45:40","date_gmt":"2025-01-16T08:45:40","guid":{"rendered":"https:\/\/cz.gigroup.com\/zamestnavatele\/docasni-zamestnanci\/"},"modified":"2026-03-30T21:30:25","modified_gmt":"2026-03-30T19:30:25","slug":"temporary-staffing","status":"publish","type":"page","link":"https:\/\/cz.gigroup.com\/en\/for-employers\/temporary-staffing\/","title":{"rendered":"Temporary Staffing"},"content":{"rendered":"","protected":false},"excerpt":{"rendered":"","protected":false},"author":1,"featured_media":4268,"parent":4454,"menu_order":0,"comment_status":"closed","ping_status":"closed","template":"","meta":{"footnotes":""},"class_list":["post-4455","page","type-page","status-publish","has-post-thumbnail","hentry"],"yoast_head":"<!-- This site is optimized with the Yoast SEO Premium plugin v27.4 (Yoast SEO v27.4) - https:\/\/yoast.com\/product\/yoast-seo-premium-wordpress\/ -->\n<title>Temporary Staffing<\/title>\n<meta name=\"description\" content=\"Do you need to quickly strengthen your team, cover employee shortages, or manage high-volume recruitment of dozens to hundreds of employees?\" \/>\n<meta name=\"robots\" content=\"index, follow, max-snippet:-1, max-image-preview:large, max-video-preview:-1\" \/>\n<link rel=\"canonical\" href=\"https:\/\/cz.gigroup.com\/en\/for-employers\/temporary-staffing\/\" \/>\n<meta property=\"og:locale\" content=\"en_GB\" \/>\n<meta property=\"og:type\" content=\"article\" \/>\n<meta property=\"og:title\" content=\"Temporary Staffing\" \/>\n<meta property=\"og:description\" content=\"Do you need to quickly strengthen your team, cover employee shortages, or manage high-volume recruitment of dozens to hundreds of employees?\" \/>\n<meta property=\"og:url\" content=\"https:\/\/cz.gigroup.com\/en\/for-employers\/temporary-staffing\/\" \/>\n<meta property=\"og:site_name\" content=\"Gi Group Czech Rep\" \/>\n<meta property=\"article:modified_time\" content=\"2026-03-30T19:30:25+00:00\" \/>\n<meta property=\"og:image\" content=\"https:\/\/cz.gigroup.com\/wp-content\/uploads\/sites\/22\/header-temporary-staffing.webp\" \/>\n\t<meta property=\"og:image:width\" content=\"900\" \/>\n\t<meta property=\"og:image:height\" content=\"600\" \/>\n\t<meta property=\"og:image:type\" content=\"image\/webp\" \/>\n<meta name=\"twitter:card\" content=\"summary_large_image\" \/>\n<script type=\"application\/ld+json\" class=\"yoast-schema-graph\">{\"@context\":\"https:\\\/\\\/schema.org\",\"@graph\":[{\"@type\":\"WebPage\",\"@id\":\"https:\\\/\\\/cz.gigroup.com\\\/en\\\/for-employers\\\/temporary-staffing\\\/\",\"url\":\"https:\\\/\\\/cz.gigroup.com\\\/en\\\/for-employers\\\/temporary-staffing\\\/\",\"name\":\"Temporary Staffing\",\"isPartOf\":{\"@id\":\"https:\\\/\\\/cz.gigroup.com\\\/#website\"},\"primaryImageOfPage\":{\"@id\":\"https:\\\/\\\/cz.gigroup.com\\\/en\\\/for-employers\\\/temporary-staffing\\\/#primaryimage\"},\"image\":{\"@id\":\"https:\\\/\\\/cz.gigroup.com\\\/en\\\/for-employers\\\/temporary-staffing\\\/#primaryimage\"},\"thumbnailUrl\":\"https:\\\/\\\/cz.gigroup.com\\\/wp-content\\\/uploads\\\/sites\\\/22\\\/header-temporary-staffing.webp\",\"datePublished\":\"2025-01-16T08:45:40+00:00\",\"dateModified\":\"2026-03-30T19:30:25+00:00\",\"description\":\"Do you need to quickly strengthen your team, cover employee shortages, or manage high-volume recruitment of dozens to hundreds of employees?\",\"breadcrumb\":{\"@id\":\"https:\\\/\\\/cz.gigroup.com\\\/en\\\/for-employers\\\/temporary-staffing\\\/#breadcrumb\"},\"inLanguage\":\"en-GB\",\"potentialAction\":[{\"@type\":\"ReadAction\",\"target\":[\"https:\\\/\\\/cz.gigroup.com\\\/en\\\/for-employers\\\/temporary-staffing\\\/\"]}]},{\"@type\":\"ImageObject\",\"inLanguage\":\"en-GB\",\"@id\":\"https:\\\/\\\/cz.gigroup.com\\\/en\\\/for-employers\\\/temporary-staffing\\\/#primaryimage\",\"url\":\"https:\\\/\\\/cz.gigroup.com\\\/wp-content\\\/uploads\\\/sites\\\/22\\\/header-temporary-staffing.webp\",\"contentUrl\":\"https:\\\/\\\/cz.gigroup.com\\\/wp-content\\\/uploads\\\/sites\\\/22\\\/header-temporary-staffing.webp\",\"width\":900,\"height\":600,\"caption\":\"Our Temporary Staffing Service\"},{\"@type\":\"BreadcrumbList\",\"@id\":\"https:\\\/\\\/cz.gigroup.com\\\/en\\\/for-employers\\\/temporary-staffing\\\/#breadcrumb\",\"itemListElement\":[{\"@type\":\"ListItem\",\"position\":1,\"name\":\"Home\",\"item\":\"https:\\\/\\\/cz.gigroup.com\\\/en\\\/home\\\/\"},{\"@type\":\"ListItem\",\"position\":2,\"name\":\"For companies\",\"item\":\"https:\\\/\\\/cz.gigroup.com\\\/en\\\/for-employers\\\/\"},{\"@type\":\"ListItem\",\"position\":3,\"name\":\"Temporary Staffing\"}]},{\"@type\":\"WebSite\",\"@id\":\"https:\\\/\\\/cz.gigroup.com\\\/#website\",\"url\":\"https:\\\/\\\/cz.gigroup.com\\\/\",\"name\":\"Gi Group Czech Rep\",\"description\":\"\u0158e\u0161en\u00ed do\u010dasn\u00e9ho i trval\u00e9ho zam\u011bstn\u00e1v\u00e1n\u00ed pro firmy\",\"potentialAction\":[{\"@type\":\"SearchAction\",\"target\":{\"@type\":\"EntryPoint\",\"urlTemplate\":\"https:\\\/\\\/cz.gigroup.com\\\/?s={search_term_string}\"},\"query-input\":{\"@type\":\"PropertyValueSpecification\",\"valueRequired\":true,\"valueName\":\"search_term_string\"}}],\"inLanguage\":\"en-GB\"}]}<\/script>\n<!-- \/ Yoast SEO Premium plugin. -->","yoast_head_json":{"title":"Temporary Staffing","description":"Do you need to quickly strengthen your team, cover employee shortages, or manage high-volume recruitment of dozens to hundreds of employees?","robots":{"index":"index","follow":"follow","max-snippet":"max-snippet:-1","max-image-preview":"max-image-preview:large","max-video-preview":"max-video-preview:-1"},"canonical":"https:\/\/cz.gigroup.com\/en\/for-employers\/temporary-staffing\/","og_locale":"en_GB","og_type":"article","og_title":"Temporary Staffing","og_description":"Do you need to quickly strengthen your team, cover employee shortages, or manage high-volume recruitment of dozens to hundreds of employees?","og_url":"https:\/\/cz.gigroup.com\/en\/for-employers\/temporary-staffing\/","og_site_name":"Gi Group Czech Rep","article_modified_time":"2026-03-30T19:30:25+00:00","og_image":[{"width":900,"height":600,"url":"https:\/\/cz.gigroup.com\/wp-content\/uploads\/sites\/22\/header-temporary-staffing.webp","type":"image\/webp"}],"twitter_card":"summary_large_image","schema":{"@context":"https:\/\/schema.org","@graph":[{"@type":"WebPage","@id":"https:\/\/cz.gigroup.com\/en\/for-employers\/temporary-staffing\/","url":"https:\/\/cz.gigroup.com\/en\/for-employers\/temporary-staffing\/","name":"Temporary Staffing","isPartOf":{"@id":"https:\/\/cz.gigroup.com\/#website"},"primaryImageOfPage":{"@id":"https:\/\/cz.gigroup.com\/en\/for-employers\/temporary-staffing\/#primaryimage"},"image":{"@id":"https:\/\/cz.gigroup.com\/en\/for-employers\/temporary-staffing\/#primaryimage"},"thumbnailUrl":"https:\/\/cz.gigroup.com\/wp-content\/uploads\/sites\/22\/header-temporary-staffing.webp","datePublished":"2025-01-16T08:45:40+00:00","dateModified":"2026-03-30T19:30:25+00:00","description":"Do you need to quickly strengthen your team, cover employee shortages, or manage high-volume recruitment of dozens to hundreds of employees?","breadcrumb":{"@id":"https:\/\/cz.gigroup.com\/en\/for-employers\/temporary-staffing\/#breadcrumb"},"inLanguage":"en-GB","potentialAction":[{"@type":"ReadAction","target":["https:\/\/cz.gigroup.com\/en\/for-employers\/temporary-staffing\/"]}]},{"@type":"ImageObject","inLanguage":"en-GB","@id":"https:\/\/cz.gigroup.com\/en\/for-employers\/temporary-staffing\/#primaryimage","url":"https:\/\/cz.gigroup.com\/wp-content\/uploads\/sites\/22\/header-temporary-staffing.webp","contentUrl":"https:\/\/cz.gigroup.com\/wp-content\/uploads\/sites\/22\/header-temporary-staffing.webp","width":900,"height":600,"caption":"Our Temporary Staffing Service"},{"@type":"BreadcrumbList","@id":"https:\/\/cz.gigroup.com\/en\/for-employers\/temporary-staffing\/#breadcrumb","itemListElement":[{"@type":"ListItem","position":1,"name":"Home","item":"https:\/\/cz.gigroup.com\/en\/home\/"},{"@type":"ListItem","position":2,"name":"For companies","item":"https:\/\/cz.gigroup.com\/en\/for-employers\/"},{"@type":"ListItem","position":3,"name":"Temporary Staffing"}]},{"@type":"WebSite","@id":"https:\/\/cz.gigroup.com\/#website","url":"https:\/\/cz.gigroup.com\/","name":"Gi Group Czech Rep","description":"\u0158e\u0161en\u00ed do\u010dasn\u00e9ho i trval\u00e9ho zam\u011bstn\u00e1v\u00e1n\u00ed pro firmy","potentialAction":[{"@type":"SearchAction","target":{"@type":"EntryPoint","urlTemplate":"https:\/\/cz.gigroup.com\/?s={search_term_string}"},"query-input":{"@type":"PropertyValueSpecification","valueRequired":true,"valueName":"search_term_string"}}],"inLanguage":"en-GB"}]}},"_links":{"self":[{"href":"https:\/\/cz.gigroup.com\/en\/wp-json\/wp\/v2\/pages\/4455","targetHints":{"allow":["GET"]}}],"collection":[{"href":"https:\/\/cz.gigroup.com\/en\/wp-json\/wp\/v2\/pages"}],"about":[{"href":"https:\/\/cz.gigroup.com\/en\/wp-json\/wp\/v2\/types\/page"}],"author":[{"embeddable":true,"href":"https:\/\/cz.gigroup.com\/en\/wp-json\/wp\/v2\/users\/1"}],"replies":[{"embeddable":true,"href":"https:\/\/cz.gigroup.com\/en\/wp-json\/wp\/v2\/comments?post=4455"}],"version-history":[{"count":9,"href":"https:\/\/cz.gigroup.com\/en\/wp-json\/wp\/v2\/pages\/4455\/revisions"}],"predecessor-version":[{"id":6561,"href":"https:\/\/cz.gigroup.com\/en\/wp-json\/wp\/v2\/pages\/4455\/revisions\/6561"}],"up":[{"embeddable":true,"href":"https:\/\/cz.gigroup.com\/en\/wp-json\/wp\/v2\/pages\/4454"}],"wp:featuredmedia":[{"embeddable":true,"href":"https:\/\/cz.gigroup.com\/en\/wp-json\/wp\/v2\/media\/4268"}],"wp:attachment":[{"href":"https:\/\/cz.gigroup.com\/en\/wp-json\/wp\/v2\/media?parent=4455"}],"curies":[{"name":"wp","href":"https:\/\/api.w.org\/{rel}","templated":true}]}}