{"id":4456,"date":"2025-11-07T12:43:50","date_gmt":"2025-11-07T11:43:50","guid":{"rendered":"https:\/\/cz.gigroup.com\/zamestnavatele\/doporuceni-zamestnavatele\/"},"modified":"2025-11-07T12:43:50","modified_gmt":"2025-11-07T11:43:50","slug":"doporuceni-zamestnavatele","status":"publish","type":"page","link":"https:\/\/cz.gigroup.com\/en\/for-employers\/doporuceni-zamestnavatele\/","title":{"rendered":"Doporu\u010den\u00ed zam\u011bstnavatel\u00e9 <!--Recomended employers-->"},"content":{"rendered":"","protected":false},"excerpt":{"rendered":"","protected":false},"author":1,"featured_media":4435,"parent":4454,"menu_order":0,"comment_status":"closed","ping_status":"closed","template":"","meta":{"footnotes":""},"class_list":["post-4456","page","type-page","status-publish","has-post-thumbnail","hentry"],"yoast_head":"<!-- This site is optimized with the Yoast SEO Premium plugin v27.4 (Yoast SEO v27.4) - https:\/\/yoast.com\/product\/yoast-seo-premium-wordpress\/ -->\n<title>Doporu\u010den\u00ed zam\u011bstnavatel\u00e9 - Gi Group Czech Rep<\/title>\n<meta name=\"description\" content=\"Naj\u00edt dobr\u00e9 lidi nen\u00ed snadn\u00e9 \u2013 ale s n\u00e1mi to zvl\u00e1dnete. Gi Group v\u00e1m pom\u016f\u017ee s n\u00e1borem i \u0159\u00edzen\u00ed pracovn\u00edk\u016f, a\u0165 u\u017e pot\u0159ebujete pomoc na p\u00e1r t\u00fddn\u016f nebo nov\u00e9 kolegy natrvalo. Jsme v\u00e1\u0161 partner pro ka\u017edodenn\u00ed v\u00fdzvy na trhu pr\u00e1ce.\" \/>\n<meta name=\"robots\" content=\"index, follow, max-snippet:-1, max-image-preview:large, max-video-preview:-1\" \/>\n<link rel=\"canonical\" href=\"https:\/\/cz.gigroup.com\/en\/for-employers\/doporuceni-zamestnavatele\/\" \/>\n<meta property=\"og:locale\" content=\"en_GB\" \/>\n<meta property=\"og:type\" content=\"article\" \/>\n<meta property=\"og:title\" content=\"Doporu\u010den\u00ed zam\u011bstnavatel\u00e9\" \/>\n<meta property=\"og:description\" content=\"Naj\u00edt dobr\u00e9 lidi nen\u00ed snadn\u00e9 \u2013 ale s n\u00e1mi to zvl\u00e1dnete. Gi Group v\u00e1m pom\u016f\u017ee s n\u00e1borem i \u0159\u00edzen\u00ed pracovn\u00edk\u016f, a\u0165 u\u017e pot\u0159ebujete pomoc na p\u00e1r t\u00fddn\u016f nebo nov\u00e9 kolegy natrvalo. Jsme v\u00e1\u0161 partner pro ka\u017edodenn\u00ed v\u00fdzvy na trhu pr\u00e1ce.\" \/>\n<meta property=\"og:url\" content=\"https:\/\/cz.gigroup.com\/en\/for-employers\/doporuceni-zamestnavatele\/\" \/>\n<meta property=\"og:site_name\" content=\"Gi Group Czech Rep\" \/>\n<meta property=\"og:image\" content=\"https:\/\/cz.gigroup.com\/wp-content\/uploads\/sites\/22\/marketing-team-2.webp\" \/>\n\t<meta property=\"og:image:width\" content=\"900\" \/>\n\t<meta property=\"og:image:height\" content=\"600\" \/>\n\t<meta property=\"og:image:type\" content=\"image\/webp\" \/>\n<meta name=\"twitter:card\" content=\"summary_large_image\" \/>\n<script type=\"application\/ld+json\" class=\"yoast-schema-graph\">{\"@context\":\"https:\\\/\\\/schema.org\",\"@graph\":[{\"@type\":\"WebPage\",\"@id\":\"https:\\\/\\\/cz.gigroup.com\\\/en\\\/for-employers\\\/doporuceni-zamestnavatele\\\/\",\"url\":\"https:\\\/\\\/cz.gigroup.com\\\/en\\\/for-employers\\\/doporuceni-zamestnavatele\\\/\",\"name\":\"Doporu\u010den\u00ed zam\u011bstnavatel\u00e9 - Gi Group Czech Rep\",\"isPartOf\":{\"@id\":\"https:\\\/\\\/cz.gigroup.com\\\/#website\"},\"primaryImageOfPage\":{\"@id\":\"https:\\\/\\\/cz.gigroup.com\\\/en\\\/for-employers\\\/doporuceni-zamestnavatele\\\/#primaryimage\"},\"image\":{\"@id\":\"https:\\\/\\\/cz.gigroup.com\\\/en\\\/for-employers\\\/doporuceni-zamestnavatele\\\/#primaryimage\"},\"thumbnailUrl\":\"https:\\\/\\\/cz.gigroup.com\\\/wp-content\\\/uploads\\\/sites\\\/22\\\/marketing-team-2.webp\",\"datePublished\":\"2025-11-07T11:43:50+00:00\",\"description\":\"Naj\u00edt dobr\u00e9 lidi nen\u00ed snadn\u00e9 \u2013 ale s n\u00e1mi to zvl\u00e1dnete. Gi Group v\u00e1m pom\u016f\u017ee s n\u00e1borem i \u0159\u00edzen\u00ed pracovn\u00edk\u016f, a\u0165 u\u017e pot\u0159ebujete pomoc na p\u00e1r t\u00fddn\u016f nebo nov\u00e9 kolegy natrvalo. Jsme v\u00e1\u0161 partner pro ka\u017edodenn\u00ed v\u00fdzvy na trhu pr\u00e1ce.\",\"breadcrumb\":{\"@id\":\"https:\\\/\\\/cz.gigroup.com\\\/en\\\/for-employers\\\/doporuceni-zamestnavatele\\\/#breadcrumb\"},\"inLanguage\":\"en-GB\",\"potentialAction\":[{\"@type\":\"ReadAction\",\"target\":[\"https:\\\/\\\/cz.gigroup.com\\\/en\\\/for-employers\\\/doporuceni-zamestnavatele\\\/\"]}]},{\"@type\":\"ImageObject\",\"inLanguage\":\"en-GB\",\"@id\":\"https:\\\/\\\/cz.gigroup.com\\\/en\\\/for-employers\\\/doporuceni-zamestnavatele\\\/#primaryimage\",\"url\":\"https:\\\/\\\/cz.gigroup.com\\\/wp-content\\\/uploads\\\/sites\\\/22\\\/marketing-team-2.webp\",\"contentUrl\":\"https:\\\/\\\/cz.gigroup.com\\\/wp-content\\\/uploads\\\/sites\\\/22\\\/marketing-team-2.webp\",\"width\":900,\"height\":600},{\"@type\":\"BreadcrumbList\",\"@id\":\"https:\\\/\\\/cz.gigroup.com\\\/en\\\/for-employers\\\/doporuceni-zamestnavatele\\\/#breadcrumb\",\"itemListElement\":[{\"@type\":\"ListItem\",\"position\":1,\"name\":\"Home\",\"item\":\"https:\\\/\\\/cz.gigroup.com\\\/en\\\/home\\\/\"},{\"@type\":\"ListItem\",\"position\":2,\"name\":\"For companies\",\"item\":\"https:\\\/\\\/cz.gigroup.com\\\/en\\\/for-employers\\\/\"},{\"@type\":\"ListItem\",\"position\":3,\"name\":\"Doporu\u010den\u00ed zam\u011bstnavatel\u00e9\"}]},{\"@type\":\"WebSite\",\"@id\":\"https:\\\/\\\/cz.gigroup.com\\\/#website\",\"url\":\"https:\\\/\\\/cz.gigroup.com\\\/\",\"name\":\"Gi Group Czech Rep\",\"description\":\"\u0158e\u0161en\u00ed do\u010dasn\u00e9ho i trval\u00e9ho zam\u011bstn\u00e1v\u00e1n\u00ed pro firmy\",\"potentialAction\":[{\"@type\":\"SearchAction\",\"target\":{\"@type\":\"EntryPoint\",\"urlTemplate\":\"https:\\\/\\\/cz.gigroup.com\\\/?s={search_term_string}\"},\"query-input\":{\"@type\":\"PropertyValueSpecification\",\"valueRequired\":true,\"valueName\":\"search_term_string\"}}],\"inLanguage\":\"en-GB\"}]}<\/script>\n<!-- \/ Yoast SEO Premium plugin. -->","yoast_head_json":{"title":"Doporu\u010den\u00ed zam\u011bstnavatel\u00e9 - Gi Group Czech Rep","description":"Naj\u00edt dobr\u00e9 lidi nen\u00ed snadn\u00e9 \u2013 ale s n\u00e1mi to zvl\u00e1dnete. Gi Group v\u00e1m pom\u016f\u017ee s n\u00e1borem i \u0159\u00edzen\u00ed pracovn\u00edk\u016f, a\u0165 u\u017e pot\u0159ebujete pomoc na p\u00e1r t\u00fddn\u016f nebo nov\u00e9 kolegy natrvalo. Jsme v\u00e1\u0161 partner pro ka\u017edodenn\u00ed v\u00fdzvy na trhu pr\u00e1ce.","robots":{"index":"index","follow":"follow","max-snippet":"max-snippet:-1","max-image-preview":"max-image-preview:large","max-video-preview":"max-video-preview:-1"},"canonical":"https:\/\/cz.gigroup.com\/en\/for-employers\/doporuceni-zamestnavatele\/","og_locale":"en_GB","og_type":"article","og_title":"Doporu\u010den\u00ed zam\u011bstnavatel\u00e9","og_description":"Naj\u00edt dobr\u00e9 lidi nen\u00ed snadn\u00e9 \u2013 ale s n\u00e1mi to zvl\u00e1dnete. Gi Group v\u00e1m pom\u016f\u017ee s n\u00e1borem i \u0159\u00edzen\u00ed pracovn\u00edk\u016f, a\u0165 u\u017e pot\u0159ebujete pomoc na p\u00e1r t\u00fddn\u016f nebo nov\u00e9 kolegy natrvalo. Jsme v\u00e1\u0161 partner pro ka\u017edodenn\u00ed v\u00fdzvy na trhu pr\u00e1ce.","og_url":"https:\/\/cz.gigroup.com\/en\/for-employers\/doporuceni-zamestnavatele\/","og_site_name":"Gi Group Czech Rep","og_image":[{"width":900,"height":600,"url":"https:\/\/cz.gigroup.com\/wp-content\/uploads\/sites\/22\/marketing-team-2.webp","type":"image\/webp"}],"twitter_card":"summary_large_image","schema":{"@context":"https:\/\/schema.org","@graph":[{"@type":"WebPage","@id":"https:\/\/cz.gigroup.com\/en\/for-employers\/doporuceni-zamestnavatele\/","url":"https:\/\/cz.gigroup.com\/en\/for-employers\/doporuceni-zamestnavatele\/","name":"Doporu\u010den\u00ed zam\u011bstnavatel\u00e9 - Gi Group Czech Rep","isPartOf":{"@id":"https:\/\/cz.gigroup.com\/#website"},"primaryImageOfPage":{"@id":"https:\/\/cz.gigroup.com\/en\/for-employers\/doporuceni-zamestnavatele\/#primaryimage"},"image":{"@id":"https:\/\/cz.gigroup.com\/en\/for-employers\/doporuceni-zamestnavatele\/#primaryimage"},"thumbnailUrl":"https:\/\/cz.gigroup.com\/wp-content\/uploads\/sites\/22\/marketing-team-2.webp","datePublished":"2025-11-07T11:43:50+00:00","description":"Naj\u00edt dobr\u00e9 lidi nen\u00ed snadn\u00e9 \u2013 ale s n\u00e1mi to zvl\u00e1dnete. Gi Group v\u00e1m pom\u016f\u017ee s n\u00e1borem i \u0159\u00edzen\u00ed pracovn\u00edk\u016f, a\u0165 u\u017e pot\u0159ebujete pomoc na p\u00e1r t\u00fddn\u016f nebo nov\u00e9 kolegy natrvalo. Jsme v\u00e1\u0161 partner pro ka\u017edodenn\u00ed v\u00fdzvy na trhu pr\u00e1ce.","breadcrumb":{"@id":"https:\/\/cz.gigroup.com\/en\/for-employers\/doporuceni-zamestnavatele\/#breadcrumb"},"inLanguage":"en-GB","potentialAction":[{"@type":"ReadAction","target":["https:\/\/cz.gigroup.com\/en\/for-employers\/doporuceni-zamestnavatele\/"]}]},{"@type":"ImageObject","inLanguage":"en-GB","@id":"https:\/\/cz.gigroup.com\/en\/for-employers\/doporuceni-zamestnavatele\/#primaryimage","url":"https:\/\/cz.gigroup.com\/wp-content\/uploads\/sites\/22\/marketing-team-2.webp","contentUrl":"https:\/\/cz.gigroup.com\/wp-content\/uploads\/sites\/22\/marketing-team-2.webp","width":900,"height":600},{"@type":"BreadcrumbList","@id":"https:\/\/cz.gigroup.com\/en\/for-employers\/doporuceni-zamestnavatele\/#breadcrumb","itemListElement":[{"@type":"ListItem","position":1,"name":"Home","item":"https:\/\/cz.gigroup.com\/en\/home\/"},{"@type":"ListItem","position":2,"name":"For companies","item":"https:\/\/cz.gigroup.com\/en\/for-employers\/"},{"@type":"ListItem","position":3,"name":"Doporu\u010den\u00ed zam\u011bstnavatel\u00e9"}]},{"@type":"WebSite","@id":"https:\/\/cz.gigroup.com\/#website","url":"https:\/\/cz.gigroup.com\/","name":"Gi Group Czech Rep","description":"\u0158e\u0161en\u00ed do\u010dasn\u00e9ho i trval\u00e9ho zam\u011bstn\u00e1v\u00e1n\u00ed pro firmy","potentialAction":[{"@type":"SearchAction","target":{"@type":"EntryPoint","urlTemplate":"https:\/\/cz.gigroup.com\/?s={search_term_string}"},"query-input":{"@type":"PropertyValueSpecification","valueRequired":true,"valueName":"search_term_string"}}],"inLanguage":"en-GB"}]}},"_links":{"self":[{"href":"https:\/\/cz.gigroup.com\/en\/wp-json\/wp\/v2\/pages\/4456","targetHints":{"allow":["GET"]}}],"collection":[{"href":"https:\/\/cz.gigroup.com\/en\/wp-json\/wp\/v2\/pages"}],"about":[{"href":"https:\/\/cz.gigroup.com\/en\/wp-json\/wp\/v2\/types\/page"}],"author":[{"embeddable":true,"href":"https:\/\/cz.gigroup.com\/en\/wp-json\/wp\/v2\/users\/1"}],"replies":[{"embeddable":true,"href":"https:\/\/cz.gigroup.com\/en\/wp-json\/wp\/v2\/comments?post=4456"}],"version-history":[{"count":0,"href":"https:\/\/cz.gigroup.com\/en\/wp-json\/wp\/v2\/pages\/4456\/revisions"}],"up":[{"embeddable":true,"href":"https:\/\/cz.gigroup.com\/en\/wp-json\/wp\/v2\/pages\/4454"}],"wp:featuredmedia":[{"embeddable":true,"href":"https:\/\/cz.gigroup.com\/en\/wp-json\/wp\/v2\/media\/4435"}],"wp:attachment":[{"href":"https:\/\/cz.gigroup.com\/en\/wp-json\/wp\/v2\/media?parent=4456"}],"curies":[{"name":"wp","href":"https:\/\/api.w.org\/{rel}","templated":true}]}}