{"id":4457,"date":"2025-11-07T13:40:42","date_gmt":"2025-11-07T12:40:42","guid":{"rendered":"https:\/\/cz.gigroup.com\/zamestnavatele\/doporuceni-zamestnavatele\/artex-information-systems\/"},"modified":"2025-11-07T13:40:42","modified_gmt":"2025-11-07T12:40:42","slug":"artex-information-systems","status":"publish","type":"page","link":"https:\/\/cz.gigroup.com\/en\/for-employers\/doporuceni-zamestnavatele\/artex-information-systems\/","title":{"rendered":"ARTEX Information Systems"},"content":{"rendered":"","protected":false},"excerpt":{"rendered":"","protected":false},"author":1,"featured_media":4437,"parent":4456,"menu_order":0,"comment_status":"closed","ping_status":"closed","template":"","meta":{"footnotes":""},"class_list":["post-4457","page","type-page","status-publish","has-post-thumbnail","hentry"],"yoast_head":"<!-- This site is optimized with the Yoast SEO Premium plugin v27.4 (Yoast SEO v27.4) - https:\/\/yoast.com\/product\/yoast-seo-premium-wordpress\/ -->\n<title>ARTEX Information Systems - Gi Group Czech Rep<\/title>\n<meta name=\"description\" content=\"Spole\u010dnost se dlouhodob\u011b specializuje na produkty Microsoft. Zam\u011b\u0159uje se na implementaci a rozvoj ERP syst\u00e9mu Dynamics 365 Business Central a dal\u0161\u00edch \u0159e\u0161en\u00ed z rodiny Dynamics 365\" \/>\n<meta name=\"robots\" content=\"index, follow, max-snippet:-1, max-image-preview:large, max-video-preview:-1\" \/>\n<link rel=\"canonical\" href=\"https:\/\/cz.gigroup.com\/en\/for-employers\/doporuceni-zamestnavatele\/artex-information-systems\/\" \/>\n<meta property=\"og:locale\" content=\"en_GB\" \/>\n<meta property=\"og:type\" content=\"article\" \/>\n<meta property=\"og:title\" content=\"ARTEX Information Systems\" \/>\n<meta property=\"og:description\" content=\"Spole\u010dnost se dlouhodob\u011b specializuje na produkty Microsoft. Zam\u011b\u0159uje se na implementaci a rozvoj ERP syst\u00e9mu Dynamics 365 Business Central a dal\u0161\u00edch \u0159e\u0161en\u00ed z rodiny Dynamics 365\" \/>\n<meta property=\"og:url\" content=\"https:\/\/cz.gigroup.com\/en\/for-employers\/doporuceni-zamestnavatele\/artex-information-systems\/\" \/>\n<meta property=\"og:site_name\" content=\"Gi Group Czech Rep\" \/>\n<meta property=\"og:image\" content=\"https:\/\/cz.gigroup.com\/wp-content\/uploads\/sites\/22\/artex.webp\" \/>\n\t<meta property=\"og:image:width\" content=\"919\" \/>\n\t<meta property=\"og:image:height\" content=\"612\" \/>\n\t<meta property=\"og:image:type\" content=\"image\/webp\" \/>\n<meta name=\"twitter:card\" content=\"summary_large_image\" \/>\n<script type=\"application\/ld+json\" class=\"yoast-schema-graph\">{\"@context\":\"https:\\\/\\\/schema.org\",\"@graph\":[{\"@type\":\"WebPage\",\"@id\":\"https:\\\/\\\/cz.gigroup.com\\\/en\\\/for-employers\\\/doporuceni-zamestnavatele\\\/artex-information-systems\\\/\",\"url\":\"https:\\\/\\\/cz.gigroup.com\\\/en\\\/for-employers\\\/doporuceni-zamestnavatele\\\/artex-information-systems\\\/\",\"name\":\"ARTEX Information Systems - Gi Group Czech Rep\",\"isPartOf\":{\"@id\":\"https:\\\/\\\/cz.gigroup.com\\\/#website\"},\"primaryImageOfPage\":{\"@id\":\"https:\\\/\\\/cz.gigroup.com\\\/en\\\/for-employers\\\/doporuceni-zamestnavatele\\\/artex-information-systems\\\/#primaryimage\"},\"image\":{\"@id\":\"https:\\\/\\\/cz.gigroup.com\\\/en\\\/for-employers\\\/doporuceni-zamestnavatele\\\/artex-information-systems\\\/#primaryimage\"},\"thumbnailUrl\":\"https:\\\/\\\/cz.gigroup.com\\\/wp-content\\\/uploads\\\/sites\\\/22\\\/artex.webp\",\"datePublished\":\"2025-11-07T12:40:42+00:00\",\"description\":\"Spole\u010dnost se dlouhodob\u011b specializuje na produkty Microsoft. Zam\u011b\u0159uje se na implementaci a rozvoj ERP syst\u00e9mu Dynamics 365 Business Central a dal\u0161\u00edch \u0159e\u0161en\u00ed z rodiny Dynamics 365\",\"breadcrumb\":{\"@id\":\"https:\\\/\\\/cz.gigroup.com\\\/en\\\/for-employers\\\/doporuceni-zamestnavatele\\\/artex-information-systems\\\/#breadcrumb\"},\"inLanguage\":\"en-GB\",\"potentialAction\":[{\"@type\":\"ReadAction\",\"target\":[\"https:\\\/\\\/cz.gigroup.com\\\/en\\\/for-employers\\\/doporuceni-zamestnavatele\\\/artex-information-systems\\\/\"]}]},{\"@type\":\"ImageObject\",\"inLanguage\":\"en-GB\",\"@id\":\"https:\\\/\\\/cz.gigroup.com\\\/en\\\/for-employers\\\/doporuceni-zamestnavatele\\\/artex-information-systems\\\/#primaryimage\",\"url\":\"https:\\\/\\\/cz.gigroup.com\\\/wp-content\\\/uploads\\\/sites\\\/22\\\/artex.webp\",\"contentUrl\":\"https:\\\/\\\/cz.gigroup.com\\\/wp-content\\\/uploads\\\/sites\\\/22\\\/artex.webp\",\"width\":919,\"height\":612},{\"@type\":\"BreadcrumbList\",\"@id\":\"https:\\\/\\\/cz.gigroup.com\\\/en\\\/for-employers\\\/doporuceni-zamestnavatele\\\/artex-information-systems\\\/#breadcrumb\",\"itemListElement\":[{\"@type\":\"ListItem\",\"position\":1,\"name\":\"Home\",\"item\":\"https:\\\/\\\/cz.gigroup.com\\\/en\\\/home\\\/\"},{\"@type\":\"ListItem\",\"position\":2,\"name\":\"For companies\",\"item\":\"https:\\\/\\\/cz.gigroup.com\\\/en\\\/for-employers\\\/\"},{\"@type\":\"ListItem\",\"position\":3,\"name\":\"Doporu\u010den\u00ed zam\u011bstnavatel\u00e9\",\"item\":\"https:\\\/\\\/cz.gigroup.com\\\/en\\\/for-employers\\\/doporuceni-zamestnavatele\\\/\"},{\"@type\":\"ListItem\",\"position\":4,\"name\":\"ARTEX Information Systems\"}]},{\"@type\":\"WebSite\",\"@id\":\"https:\\\/\\\/cz.gigroup.com\\\/#website\",\"url\":\"https:\\\/\\\/cz.gigroup.com\\\/\",\"name\":\"Gi Group Czech Rep\",\"description\":\"\u0158e\u0161en\u00ed do\u010dasn\u00e9ho i trval\u00e9ho zam\u011bstn\u00e1v\u00e1n\u00ed pro firmy\",\"potentialAction\":[{\"@type\":\"SearchAction\",\"target\":{\"@type\":\"EntryPoint\",\"urlTemplate\":\"https:\\\/\\\/cz.gigroup.com\\\/?s={search_term_string}\"},\"query-input\":{\"@type\":\"PropertyValueSpecification\",\"valueRequired\":true,\"valueName\":\"search_term_string\"}}],\"inLanguage\":\"en-GB\"}]}<\/script>\n<!-- \/ Yoast SEO Premium plugin. -->","yoast_head_json":{"title":"ARTEX Information Systems - Gi Group Czech Rep","description":"Spole\u010dnost se dlouhodob\u011b specializuje na produkty Microsoft. Zam\u011b\u0159uje se na implementaci a rozvoj ERP syst\u00e9mu Dynamics 365 Business Central a dal\u0161\u00edch \u0159e\u0161en\u00ed z rodiny Dynamics 365","robots":{"index":"index","follow":"follow","max-snippet":"max-snippet:-1","max-image-preview":"max-image-preview:large","max-video-preview":"max-video-preview:-1"},"canonical":"https:\/\/cz.gigroup.com\/en\/for-employers\/doporuceni-zamestnavatele\/artex-information-systems\/","og_locale":"en_GB","og_type":"article","og_title":"ARTEX Information Systems","og_description":"Spole\u010dnost se dlouhodob\u011b specializuje na produkty Microsoft. Zam\u011b\u0159uje se na implementaci a rozvoj ERP syst\u00e9mu Dynamics 365 Business Central a dal\u0161\u00edch \u0159e\u0161en\u00ed z rodiny Dynamics 365","og_url":"https:\/\/cz.gigroup.com\/en\/for-employers\/doporuceni-zamestnavatele\/artex-information-systems\/","og_site_name":"Gi Group Czech Rep","og_image":[{"width":919,"height":612,"url":"https:\/\/cz.gigroup.com\/wp-content\/uploads\/sites\/22\/artex.webp","type":"image\/webp"}],"twitter_card":"summary_large_image","schema":{"@context":"https:\/\/schema.org","@graph":[{"@type":"WebPage","@id":"https:\/\/cz.gigroup.com\/en\/for-employers\/doporuceni-zamestnavatele\/artex-information-systems\/","url":"https:\/\/cz.gigroup.com\/en\/for-employers\/doporuceni-zamestnavatele\/artex-information-systems\/","name":"ARTEX Information Systems - Gi Group Czech Rep","isPartOf":{"@id":"https:\/\/cz.gigroup.com\/#website"},"primaryImageOfPage":{"@id":"https:\/\/cz.gigroup.com\/en\/for-employers\/doporuceni-zamestnavatele\/artex-information-systems\/#primaryimage"},"image":{"@id":"https:\/\/cz.gigroup.com\/en\/for-employers\/doporuceni-zamestnavatele\/artex-information-systems\/#primaryimage"},"thumbnailUrl":"https:\/\/cz.gigroup.com\/wp-content\/uploads\/sites\/22\/artex.webp","datePublished":"2025-11-07T12:40:42+00:00","description":"Spole\u010dnost se dlouhodob\u011b specializuje na produkty Microsoft. Zam\u011b\u0159uje se na implementaci a rozvoj ERP syst\u00e9mu Dynamics 365 Business Central a dal\u0161\u00edch \u0159e\u0161en\u00ed z rodiny Dynamics 365","breadcrumb":{"@id":"https:\/\/cz.gigroup.com\/en\/for-employers\/doporuceni-zamestnavatele\/artex-information-systems\/#breadcrumb"},"inLanguage":"en-GB","potentialAction":[{"@type":"ReadAction","target":["https:\/\/cz.gigroup.com\/en\/for-employers\/doporuceni-zamestnavatele\/artex-information-systems\/"]}]},{"@type":"ImageObject","inLanguage":"en-GB","@id":"https:\/\/cz.gigroup.com\/en\/for-employers\/doporuceni-zamestnavatele\/artex-information-systems\/#primaryimage","url":"https:\/\/cz.gigroup.com\/wp-content\/uploads\/sites\/22\/artex.webp","contentUrl":"https:\/\/cz.gigroup.com\/wp-content\/uploads\/sites\/22\/artex.webp","width":919,"height":612},{"@type":"BreadcrumbList","@id":"https:\/\/cz.gigroup.com\/en\/for-employers\/doporuceni-zamestnavatele\/artex-information-systems\/#breadcrumb","itemListElement":[{"@type":"ListItem","position":1,"name":"Home","item":"https:\/\/cz.gigroup.com\/en\/home\/"},{"@type":"ListItem","position":2,"name":"For companies","item":"https:\/\/cz.gigroup.com\/en\/for-employers\/"},{"@type":"ListItem","position":3,"name":"Doporu\u010den\u00ed zam\u011bstnavatel\u00e9","item":"https:\/\/cz.gigroup.com\/en\/for-employers\/doporuceni-zamestnavatele\/"},{"@type":"ListItem","position":4,"name":"ARTEX Information Systems"}]},{"@type":"WebSite","@id":"https:\/\/cz.gigroup.com\/#website","url":"https:\/\/cz.gigroup.com\/","name":"Gi Group Czech Rep","description":"\u0158e\u0161en\u00ed do\u010dasn\u00e9ho i trval\u00e9ho zam\u011bstn\u00e1v\u00e1n\u00ed pro firmy","potentialAction":[{"@type":"SearchAction","target":{"@type":"EntryPoint","urlTemplate":"https:\/\/cz.gigroup.com\/?s={search_term_string}"},"query-input":{"@type":"PropertyValueSpecification","valueRequired":true,"valueName":"search_term_string"}}],"inLanguage":"en-GB"}]}},"_links":{"self":[{"href":"https:\/\/cz.gigroup.com\/en\/wp-json\/wp\/v2\/pages\/4457","targetHints":{"allow":["GET"]}}],"collection":[{"href":"https:\/\/cz.gigroup.com\/en\/wp-json\/wp\/v2\/pages"}],"about":[{"href":"https:\/\/cz.gigroup.com\/en\/wp-json\/wp\/v2\/types\/page"}],"author":[{"embeddable":true,"href":"https:\/\/cz.gigroup.com\/en\/wp-json\/wp\/v2\/users\/1"}],"replies":[{"embeddable":true,"href":"https:\/\/cz.gigroup.com\/en\/wp-json\/wp\/v2\/comments?post=4457"}],"version-history":[{"count":0,"href":"https:\/\/cz.gigroup.com\/en\/wp-json\/wp\/v2\/pages\/4457\/revisions"}],"up":[{"embeddable":true,"href":"https:\/\/cz.gigroup.com\/en\/wp-json\/wp\/v2\/pages\/4456"}],"wp:featuredmedia":[{"embeddable":true,"href":"https:\/\/cz.gigroup.com\/en\/wp-json\/wp\/v2\/media\/4437"}],"wp:attachment":[{"href":"https:\/\/cz.gigroup.com\/en\/wp-json\/wp\/v2\/media?parent=4457"}],"curies":[{"name":"wp","href":"https:\/\/api.w.org\/{rel}","templated":true}]}}