{"id":4460,"date":"2025-11-07T15:04:20","date_gmt":"2025-11-07T14:04:20","guid":{"rendered":"https:\/\/cz.gigroup.com\/zamestnavatele\/doporuceni-zamestnavatele\/zvernitsia-i-zaroblyayte\/"},"modified":"2025-11-07T15:04:20","modified_gmt":"2025-11-07T14:04:20","slug":"zvernitsia-i-zaroblyayte","status":"publish","type":"page","link":"https:\/\/cz.gigroup.com\/en\/for-employers\/doporuceni-zamestnavatele\/zvernitsia-i-zaroblyayte\/","title":{"rendered":"\u0417\u0412\u0415\u0420\u041d\u0406\u0422\u042c\u0421\u042f \u0406 \u0417\u0410\u0420\u041e\u0411\u041b\u042f\u0419\u0422\u0415"},"content":{"rendered":"","protected":false},"excerpt":{"rendered":"","protected":false},"author":1,"featured_media":4439,"parent":4456,"menu_order":0,"comment_status":"closed","ping_status":"closed","template":"","meta":{"footnotes":""},"class_list":["post-4460","page","type-page","status-publish","has-post-thumbnail","hentry"],"yoast_head":"<!-- This site is optimized with the Yoast SEO Premium plugin v27.4 (Yoast SEO v27.4) - https:\/\/yoast.com\/product\/yoast-seo-premium-wordpress\/ -->\n<title>\u0417\u0412\u0415\u0420\u041d\u0406\u0422\u042c\u0421\u042f \u0406 \u0417\u0410\u0420\u041e\u0411\u041b\u042f\u0419\u0422\u0415 - Gi Group Czech Rep<\/title>\n<meta name=\"description\" content=\"Z\u00edsk\u00e1te odm\u011bnu za ka\u017ed\u00e9ho, kdo nastoup\u00ed do pr\u00e1ce!Po\u0161lete telefonn\u00ed kontakt na \u010dlov\u011bka, kter\u00fd chce pr\u00e1ci,a z\u00edskejte odm\u011bnu a\u017e 3 000 K\u010d.\" \/>\n<meta name=\"robots\" content=\"index, follow, max-snippet:-1, max-image-preview:large, max-video-preview:-1\" \/>\n<link rel=\"canonical\" href=\"https:\/\/cz.gigroup.com\/en\/for-employers\/doporuceni-zamestnavatele\/zvernitsia-i-zaroblyayte\/\" \/>\n<meta property=\"og:locale\" content=\"en_GB\" \/>\n<meta property=\"og:type\" content=\"article\" \/>\n<meta property=\"og:title\" content=\"\u0417\u0412\u0415\u0420\u041d\u0406\u0422\u042c\u0421\u042f \u0406 \u0417\u0410\u0420\u041e\u0411\u041b\u042f\u0419\u0422\u0415\" \/>\n<meta property=\"og:description\" content=\"Z\u00edsk\u00e1te odm\u011bnu za ka\u017ed\u00e9ho, kdo nastoup\u00ed do pr\u00e1ce!Po\u0161lete telefonn\u00ed kontakt na \u010dlov\u011bka, kter\u00fd chce pr\u00e1ci,a z\u00edskejte odm\u011bnu a\u017e 3 000 K\u010d.\" \/>\n<meta property=\"og:url\" content=\"https:\/\/cz.gigroup.com\/en\/for-employers\/doporuceni-zamestnavatele\/zvernitsia-i-zaroblyayte\/\" \/>\n<meta property=\"og:site_name\" content=\"Gi Group Czech Rep\" \/>\n<meta property=\"og:image\" content=\"https:\/\/cz.gigroup.com\/wp-content\/uploads\/sites\/22\/industrial.webp\" \/>\n\t<meta property=\"og:image:width\" content=\"900\" \/>\n\t<meta property=\"og:image:height\" content=\"600\" \/>\n\t<meta property=\"og:image:type\" content=\"image\/webp\" \/>\n<meta name=\"twitter:card\" content=\"summary_large_image\" \/>\n<script type=\"application\/ld+json\" class=\"yoast-schema-graph\">{\"@context\":\"https:\\\/\\\/schema.org\",\"@graph\":[{\"@type\":\"WebPage\",\"@id\":\"https:\\\/\\\/cz.gigroup.com\\\/en\\\/for-employers\\\/doporuceni-zamestnavatele\\\/zvernitsia-i-zaroblyayte\\\/\",\"url\":\"https:\\\/\\\/cz.gigroup.com\\\/en\\\/for-employers\\\/doporuceni-zamestnavatele\\\/zvernitsia-i-zaroblyayte\\\/\",\"name\":\"\u0417\u0412\u0415\u0420\u041d\u0406\u0422\u042c\u0421\u042f \u0406 \u0417\u0410\u0420\u041e\u0411\u041b\u042f\u0419\u0422\u0415 - Gi Group Czech Rep\",\"isPartOf\":{\"@id\":\"https:\\\/\\\/cz.gigroup.com\\\/#website\"},\"primaryImageOfPage\":{\"@id\":\"https:\\\/\\\/cz.gigroup.com\\\/en\\\/for-employers\\\/doporuceni-zamestnavatele\\\/zvernitsia-i-zaroblyayte\\\/#primaryimage\"},\"image\":{\"@id\":\"https:\\\/\\\/cz.gigroup.com\\\/en\\\/for-employers\\\/doporuceni-zamestnavatele\\\/zvernitsia-i-zaroblyayte\\\/#primaryimage\"},\"thumbnailUrl\":\"https:\\\/\\\/cz.gigroup.com\\\/wp-content\\\/uploads\\\/sites\\\/22\\\/industrial.webp\",\"datePublished\":\"2025-11-07T14:04:20+00:00\",\"description\":\"Z\u00edsk\u00e1te odm\u011bnu za ka\u017ed\u00e9ho, kdo nastoup\u00ed do pr\u00e1ce!Po\u0161lete telefonn\u00ed kontakt na \u010dlov\u011bka, kter\u00fd chce pr\u00e1ci,a z\u00edskejte odm\u011bnu a\u017e 3 000 K\u010d.\",\"breadcrumb\":{\"@id\":\"https:\\\/\\\/cz.gigroup.com\\\/en\\\/for-employers\\\/doporuceni-zamestnavatele\\\/zvernitsia-i-zaroblyayte\\\/#breadcrumb\"},\"inLanguage\":\"en-GB\",\"potentialAction\":[{\"@type\":\"ReadAction\",\"target\":[\"https:\\\/\\\/cz.gigroup.com\\\/en\\\/for-employers\\\/doporuceni-zamestnavatele\\\/zvernitsia-i-zaroblyayte\\\/\"]}]},{\"@type\":\"ImageObject\",\"inLanguage\":\"en-GB\",\"@id\":\"https:\\\/\\\/cz.gigroup.com\\\/en\\\/for-employers\\\/doporuceni-zamestnavatele\\\/zvernitsia-i-zaroblyayte\\\/#primaryimage\",\"url\":\"https:\\\/\\\/cz.gigroup.com\\\/wp-content\\\/uploads\\\/sites\\\/22\\\/industrial.webp\",\"contentUrl\":\"https:\\\/\\\/cz.gigroup.com\\\/wp-content\\\/uploads\\\/sites\\\/22\\\/industrial.webp\",\"width\":900,\"height\":600},{\"@type\":\"BreadcrumbList\",\"@id\":\"https:\\\/\\\/cz.gigroup.com\\\/en\\\/for-employers\\\/doporuceni-zamestnavatele\\\/zvernitsia-i-zaroblyayte\\\/#breadcrumb\",\"itemListElement\":[{\"@type\":\"ListItem\",\"position\":1,\"name\":\"Home\",\"item\":\"https:\\\/\\\/cz.gigroup.com\\\/en\\\/home\\\/\"},{\"@type\":\"ListItem\",\"position\":2,\"name\":\"For companies\",\"item\":\"https:\\\/\\\/cz.gigroup.com\\\/en\\\/for-employers\\\/\"},{\"@type\":\"ListItem\",\"position\":3,\"name\":\"Doporu\u010den\u00ed zam\u011bstnavatel\u00e9\",\"item\":\"https:\\\/\\\/cz.gigroup.com\\\/en\\\/for-employers\\\/doporuceni-zamestnavatele\\\/\"},{\"@type\":\"ListItem\",\"position\":4,\"name\":\"\u0417\u0412\u0415\u0420\u041d\u0406\u0422\u042c\u0421\u042f \u0406 \u0417\u0410\u0420\u041e\u0411\u041b\u042f\u0419\u0422\u0415\"}]},{\"@type\":\"WebSite\",\"@id\":\"https:\\\/\\\/cz.gigroup.com\\\/#website\",\"url\":\"https:\\\/\\\/cz.gigroup.com\\\/\",\"name\":\"Gi Group Czech Rep\",\"description\":\"\u0158e\u0161en\u00ed do\u010dasn\u00e9ho i trval\u00e9ho zam\u011bstn\u00e1v\u00e1n\u00ed pro firmy\",\"potentialAction\":[{\"@type\":\"SearchAction\",\"target\":{\"@type\":\"EntryPoint\",\"urlTemplate\":\"https:\\\/\\\/cz.gigroup.com\\\/?s={search_term_string}\"},\"query-input\":{\"@type\":\"PropertyValueSpecification\",\"valueRequired\":true,\"valueName\":\"search_term_string\"}}],\"inLanguage\":\"en-GB\"}]}<\/script>\n<!-- \/ Yoast SEO Premium plugin. -->","yoast_head_json":{"title":"\u0417\u0412\u0415\u0420\u041d\u0406\u0422\u042c\u0421\u042f \u0406 \u0417\u0410\u0420\u041e\u0411\u041b\u042f\u0419\u0422\u0415 - Gi Group Czech Rep","description":"Z\u00edsk\u00e1te odm\u011bnu za ka\u017ed\u00e9ho, kdo nastoup\u00ed do pr\u00e1ce!Po\u0161lete telefonn\u00ed kontakt na \u010dlov\u011bka, kter\u00fd chce pr\u00e1ci,a z\u00edskejte odm\u011bnu a\u017e 3 000 K\u010d.","robots":{"index":"index","follow":"follow","max-snippet":"max-snippet:-1","max-image-preview":"max-image-preview:large","max-video-preview":"max-video-preview:-1"},"canonical":"https:\/\/cz.gigroup.com\/en\/for-employers\/doporuceni-zamestnavatele\/zvernitsia-i-zaroblyayte\/","og_locale":"en_GB","og_type":"article","og_title":"\u0417\u0412\u0415\u0420\u041d\u0406\u0422\u042c\u0421\u042f \u0406 \u0417\u0410\u0420\u041e\u0411\u041b\u042f\u0419\u0422\u0415","og_description":"Z\u00edsk\u00e1te odm\u011bnu za ka\u017ed\u00e9ho, kdo nastoup\u00ed do pr\u00e1ce!Po\u0161lete telefonn\u00ed kontakt na \u010dlov\u011bka, kter\u00fd chce pr\u00e1ci,a z\u00edskejte odm\u011bnu a\u017e 3 000 K\u010d.","og_url":"https:\/\/cz.gigroup.com\/en\/for-employers\/doporuceni-zamestnavatele\/zvernitsia-i-zaroblyayte\/","og_site_name":"Gi Group Czech Rep","og_image":[{"width":900,"height":600,"url":"https:\/\/cz.gigroup.com\/wp-content\/uploads\/sites\/22\/industrial.webp","type":"image\/webp"}],"twitter_card":"summary_large_image","schema":{"@context":"https:\/\/schema.org","@graph":[{"@type":"WebPage","@id":"https:\/\/cz.gigroup.com\/en\/for-employers\/doporuceni-zamestnavatele\/zvernitsia-i-zaroblyayte\/","url":"https:\/\/cz.gigroup.com\/en\/for-employers\/doporuceni-zamestnavatele\/zvernitsia-i-zaroblyayte\/","name":"\u0417\u0412\u0415\u0420\u041d\u0406\u0422\u042c\u0421\u042f \u0406 \u0417\u0410\u0420\u041e\u0411\u041b\u042f\u0419\u0422\u0415 - Gi Group Czech Rep","isPartOf":{"@id":"https:\/\/cz.gigroup.com\/#website"},"primaryImageOfPage":{"@id":"https:\/\/cz.gigroup.com\/en\/for-employers\/doporuceni-zamestnavatele\/zvernitsia-i-zaroblyayte\/#primaryimage"},"image":{"@id":"https:\/\/cz.gigroup.com\/en\/for-employers\/doporuceni-zamestnavatele\/zvernitsia-i-zaroblyayte\/#primaryimage"},"thumbnailUrl":"https:\/\/cz.gigroup.com\/wp-content\/uploads\/sites\/22\/industrial.webp","datePublished":"2025-11-07T14:04:20+00:00","description":"Z\u00edsk\u00e1te odm\u011bnu za ka\u017ed\u00e9ho, kdo nastoup\u00ed do pr\u00e1ce!Po\u0161lete telefonn\u00ed kontakt na \u010dlov\u011bka, kter\u00fd chce pr\u00e1ci,a z\u00edskejte odm\u011bnu a\u017e 3 000 K\u010d.","breadcrumb":{"@id":"https:\/\/cz.gigroup.com\/en\/for-employers\/doporuceni-zamestnavatele\/zvernitsia-i-zaroblyayte\/#breadcrumb"},"inLanguage":"en-GB","potentialAction":[{"@type":"ReadAction","target":["https:\/\/cz.gigroup.com\/en\/for-employers\/doporuceni-zamestnavatele\/zvernitsia-i-zaroblyayte\/"]}]},{"@type":"ImageObject","inLanguage":"en-GB","@id":"https:\/\/cz.gigroup.com\/en\/for-employers\/doporuceni-zamestnavatele\/zvernitsia-i-zaroblyayte\/#primaryimage","url":"https:\/\/cz.gigroup.com\/wp-content\/uploads\/sites\/22\/industrial.webp","contentUrl":"https:\/\/cz.gigroup.com\/wp-content\/uploads\/sites\/22\/industrial.webp","width":900,"height":600},{"@type":"BreadcrumbList","@id":"https:\/\/cz.gigroup.com\/en\/for-employers\/doporuceni-zamestnavatele\/zvernitsia-i-zaroblyayte\/#breadcrumb","itemListElement":[{"@type":"ListItem","position":1,"name":"Home","item":"https:\/\/cz.gigroup.com\/en\/home\/"},{"@type":"ListItem","position":2,"name":"For companies","item":"https:\/\/cz.gigroup.com\/en\/for-employers\/"},{"@type":"ListItem","position":3,"name":"Doporu\u010den\u00ed zam\u011bstnavatel\u00e9","item":"https:\/\/cz.gigroup.com\/en\/for-employers\/doporuceni-zamestnavatele\/"},{"@type":"ListItem","position":4,"name":"\u0417\u0412\u0415\u0420\u041d\u0406\u0422\u042c\u0421\u042f \u0406 \u0417\u0410\u0420\u041e\u0411\u041b\u042f\u0419\u0422\u0415"}]},{"@type":"WebSite","@id":"https:\/\/cz.gigroup.com\/#website","url":"https:\/\/cz.gigroup.com\/","name":"Gi Group Czech Rep","description":"\u0158e\u0161en\u00ed do\u010dasn\u00e9ho i trval\u00e9ho zam\u011bstn\u00e1v\u00e1n\u00ed pro firmy","potentialAction":[{"@type":"SearchAction","target":{"@type":"EntryPoint","urlTemplate":"https:\/\/cz.gigroup.com\/?s={search_term_string}"},"query-input":{"@type":"PropertyValueSpecification","valueRequired":true,"valueName":"search_term_string"}}],"inLanguage":"en-GB"}]}},"_links":{"self":[{"href":"https:\/\/cz.gigroup.com\/en\/wp-json\/wp\/v2\/pages\/4460","targetHints":{"allow":["GET"]}}],"collection":[{"href":"https:\/\/cz.gigroup.com\/en\/wp-json\/wp\/v2\/pages"}],"about":[{"href":"https:\/\/cz.gigroup.com\/en\/wp-json\/wp\/v2\/types\/page"}],"author":[{"embeddable":true,"href":"https:\/\/cz.gigroup.com\/en\/wp-json\/wp\/v2\/users\/1"}],"replies":[{"embeddable":true,"href":"https:\/\/cz.gigroup.com\/en\/wp-json\/wp\/v2\/comments?post=4460"}],"version-history":[{"count":0,"href":"https:\/\/cz.gigroup.com\/en\/wp-json\/wp\/v2\/pages\/4460\/revisions"}],"up":[{"embeddable":true,"href":"https:\/\/cz.gigroup.com\/en\/wp-json\/wp\/v2\/pages\/4456"}],"wp:featuredmedia":[{"embeddable":true,"href":"https:\/\/cz.gigroup.com\/en\/wp-json\/wp\/v2\/media\/4439"}],"wp:attachment":[{"href":"https:\/\/cz.gigroup.com\/en\/wp-json\/wp\/v2\/media?parent=4460"}],"curies":[{"name":"wp","href":"https:\/\/api.w.org\/{rel}","templated":true}]}}