{"id":4462,"date":"2025-01-16T16:32:36","date_gmt":"2025-01-16T15:32:36","guid":{"rendered":"https:\/\/cz.gigroup.com\/zamestnavatele\/nabor-ze-zahranici\/"},"modified":"2026-03-30T23:19:33","modified_gmt":"2026-03-30T21:19:33","slug":"international-mobility","status":"publish","type":"page","link":"https:\/\/cz.gigroup.com\/en\/for-employers\/international-mobility\/","title":{"rendered":"International Mobility"},"content":{"rendered":"","protected":false},"excerpt":{"rendered":"","protected":false},"author":1,"featured_media":4270,"parent":4454,"menu_order":0,"comment_status":"closed","ping_status":"closed","template":"","meta":{"footnotes":""},"class_list":["post-4462","page","type-page","status-publish","has-post-thumbnail","hentry"],"yoast_head":"<!-- This site is optimized with the Yoast SEO Premium plugin v27.4 (Yoast SEO v27.4) - https:\/\/yoast.com\/product\/yoast-seo-premium-wordpress\/ -->\n<title>International Mobility - Gi Group Czech Rep<\/title>\n<meta name=\"description\" content=\"By creating a comprehensive, tailor-made solution, we help you find employees with the skills your company needs. We respond to your need to source candidates in specialized fields and leverage our expertise to deliver successful recruitment both within the Czech Republic and internationally\u2014especially in cases where talent shortages could hinder your business objectives.\" \/>\n<meta name=\"robots\" content=\"index, follow, max-snippet:-1, max-image-preview:large, max-video-preview:-1\" \/>\n<link rel=\"canonical\" href=\"https:\/\/cz.gigroup.com\/en\/for-employers\/international-mobility\/\" \/>\n<meta property=\"og:locale\" content=\"en_GB\" \/>\n<meta property=\"og:type\" content=\"article\" \/>\n<meta property=\"og:title\" content=\"International Mobility\" \/>\n<meta property=\"og:description\" content=\"By creating a comprehensive, tailor-made solution, we help you find employees with the skills your company needs. We respond to your need to source candidates in specialized fields and leverage our expertise to deliver successful recruitment both within the Czech Republic and internationally\u2014especially in cases where talent shortages could hinder your business objectives.\" \/>\n<meta property=\"og:url\" content=\"https:\/\/cz.gigroup.com\/en\/for-employers\/international-mobility\/\" \/>\n<meta property=\"og:site_name\" content=\"Gi Group Czech Rep\" \/>\n<meta property=\"article:modified_time\" content=\"2026-03-30T21:19:33+00:00\" \/>\n<meta property=\"og:image\" content=\"https:\/\/cz.gigroup.com\/wp-content\/uploads\/sites\/22\/header-international-mobility.webp\" \/>\n\t<meta property=\"og:image:width\" content=\"900\" \/>\n\t<meta property=\"og:image:height\" content=\"600\" \/>\n\t<meta property=\"og:image:type\" content=\"image\/webp\" \/>\n<meta name=\"twitter:card\" content=\"summary_large_image\" \/>\n<script type=\"application\/ld+json\" class=\"yoast-schema-graph\">{\"@context\":\"https:\\\/\\\/schema.org\",\"@graph\":[{\"@type\":\"WebPage\",\"@id\":\"https:\\\/\\\/cz.gigroup.com\\\/en\\\/for-employers\\\/international-mobility\\\/\",\"url\":\"https:\\\/\\\/cz.gigroup.com\\\/en\\\/for-employers\\\/international-mobility\\\/\",\"name\":\"International Mobility - Gi Group Czech Rep\",\"isPartOf\":{\"@id\":\"https:\\\/\\\/cz.gigroup.com\\\/#website\"},\"primaryImageOfPage\":{\"@id\":\"https:\\\/\\\/cz.gigroup.com\\\/en\\\/for-employers\\\/international-mobility\\\/#primaryimage\"},\"image\":{\"@id\":\"https:\\\/\\\/cz.gigroup.com\\\/en\\\/for-employers\\\/international-mobility\\\/#primaryimage\"},\"thumbnailUrl\":\"https:\\\/\\\/cz.gigroup.com\\\/wp-content\\\/uploads\\\/sites\\\/22\\\/header-international-mobility.webp\",\"datePublished\":\"2025-01-16T15:32:36+00:00\",\"dateModified\":\"2026-03-30T21:19:33+00:00\",\"description\":\"By creating a comprehensive, tailor-made solution, we help you find employees with the skills your company needs. We respond to your need to source candidates in specialized fields and leverage our expertise to deliver successful recruitment both within the Czech Republic and internationally\u2014especially in cases where talent shortages could hinder your business objectives.\",\"breadcrumb\":{\"@id\":\"https:\\\/\\\/cz.gigroup.com\\\/en\\\/for-employers\\\/international-mobility\\\/#breadcrumb\"},\"inLanguage\":\"en-GB\",\"potentialAction\":[{\"@type\":\"ReadAction\",\"target\":[\"https:\\\/\\\/cz.gigroup.com\\\/en\\\/for-employers\\\/international-mobility\\\/\"]}]},{\"@type\":\"ImageObject\",\"inLanguage\":\"en-GB\",\"@id\":\"https:\\\/\\\/cz.gigroup.com\\\/en\\\/for-employers\\\/international-mobility\\\/#primaryimage\",\"url\":\"https:\\\/\\\/cz.gigroup.com\\\/wp-content\\\/uploads\\\/sites\\\/22\\\/header-international-mobility.webp\",\"contentUrl\":\"https:\\\/\\\/cz.gigroup.com\\\/wp-content\\\/uploads\\\/sites\\\/22\\\/header-international-mobility.webp\",\"width\":900,\"height\":600,\"caption\":\"Unlimited Options\"},{\"@type\":\"BreadcrumbList\",\"@id\":\"https:\\\/\\\/cz.gigroup.com\\\/en\\\/for-employers\\\/international-mobility\\\/#breadcrumb\",\"itemListElement\":[{\"@type\":\"ListItem\",\"position\":1,\"name\":\"Home\",\"item\":\"https:\\\/\\\/cz.gigroup.com\\\/en\\\/home\\\/\"},{\"@type\":\"ListItem\",\"position\":2,\"name\":\"For companies\",\"item\":\"https:\\\/\\\/cz.gigroup.com\\\/en\\\/for-employers\\\/\"},{\"@type\":\"ListItem\",\"position\":3,\"name\":\"International Mobility\"}]},{\"@type\":\"WebSite\",\"@id\":\"https:\\\/\\\/cz.gigroup.com\\\/#website\",\"url\":\"https:\\\/\\\/cz.gigroup.com\\\/\",\"name\":\"Gi Group Czech Rep\",\"description\":\"\u0158e\u0161en\u00ed do\u010dasn\u00e9ho i trval\u00e9ho zam\u011bstn\u00e1v\u00e1n\u00ed pro firmy\",\"potentialAction\":[{\"@type\":\"SearchAction\",\"target\":{\"@type\":\"EntryPoint\",\"urlTemplate\":\"https:\\\/\\\/cz.gigroup.com\\\/?s={search_term_string}\"},\"query-input\":{\"@type\":\"PropertyValueSpecification\",\"valueRequired\":true,\"valueName\":\"search_term_string\"}}],\"inLanguage\":\"en-GB\"}]}<\/script>\n<!-- \/ Yoast SEO Premium plugin. -->","yoast_head_json":{"title":"International Mobility - Gi Group Czech Rep","description":"By creating a comprehensive, tailor-made solution, we help you find employees with the skills your company needs. We respond to your need to source candidates in specialized fields and leverage our expertise to deliver successful recruitment both within the Czech Republic and internationally\u2014especially in cases where talent shortages could hinder your business objectives.","robots":{"index":"index","follow":"follow","max-snippet":"max-snippet:-1","max-image-preview":"max-image-preview:large","max-video-preview":"max-video-preview:-1"},"canonical":"https:\/\/cz.gigroup.com\/en\/for-employers\/international-mobility\/","og_locale":"en_GB","og_type":"article","og_title":"International Mobility","og_description":"By creating a comprehensive, tailor-made solution, we help you find employees with the skills your company needs. We respond to your need to source candidates in specialized fields and leverage our expertise to deliver successful recruitment both within the Czech Republic and internationally\u2014especially in cases where talent shortages could hinder your business objectives.","og_url":"https:\/\/cz.gigroup.com\/en\/for-employers\/international-mobility\/","og_site_name":"Gi Group Czech Rep","article_modified_time":"2026-03-30T21:19:33+00:00","og_image":[{"width":900,"height":600,"url":"https:\/\/cz.gigroup.com\/wp-content\/uploads\/sites\/22\/header-international-mobility.webp","type":"image\/webp"}],"twitter_card":"summary_large_image","schema":{"@context":"https:\/\/schema.org","@graph":[{"@type":"WebPage","@id":"https:\/\/cz.gigroup.com\/en\/for-employers\/international-mobility\/","url":"https:\/\/cz.gigroup.com\/en\/for-employers\/international-mobility\/","name":"International Mobility - Gi Group Czech Rep","isPartOf":{"@id":"https:\/\/cz.gigroup.com\/#website"},"primaryImageOfPage":{"@id":"https:\/\/cz.gigroup.com\/en\/for-employers\/international-mobility\/#primaryimage"},"image":{"@id":"https:\/\/cz.gigroup.com\/en\/for-employers\/international-mobility\/#primaryimage"},"thumbnailUrl":"https:\/\/cz.gigroup.com\/wp-content\/uploads\/sites\/22\/header-international-mobility.webp","datePublished":"2025-01-16T15:32:36+00:00","dateModified":"2026-03-30T21:19:33+00:00","description":"By creating a comprehensive, tailor-made solution, we help you find employees with the skills your company needs. We respond to your need to source candidates in specialized fields and leverage our expertise to deliver successful recruitment both within the Czech Republic and internationally\u2014especially in cases where talent shortages could hinder your business objectives.","breadcrumb":{"@id":"https:\/\/cz.gigroup.com\/en\/for-employers\/international-mobility\/#breadcrumb"},"inLanguage":"en-GB","potentialAction":[{"@type":"ReadAction","target":["https:\/\/cz.gigroup.com\/en\/for-employers\/international-mobility\/"]}]},{"@type":"ImageObject","inLanguage":"en-GB","@id":"https:\/\/cz.gigroup.com\/en\/for-employers\/international-mobility\/#primaryimage","url":"https:\/\/cz.gigroup.com\/wp-content\/uploads\/sites\/22\/header-international-mobility.webp","contentUrl":"https:\/\/cz.gigroup.com\/wp-content\/uploads\/sites\/22\/header-international-mobility.webp","width":900,"height":600,"caption":"Unlimited Options"},{"@type":"BreadcrumbList","@id":"https:\/\/cz.gigroup.com\/en\/for-employers\/international-mobility\/#breadcrumb","itemListElement":[{"@type":"ListItem","position":1,"name":"Home","item":"https:\/\/cz.gigroup.com\/en\/home\/"},{"@type":"ListItem","position":2,"name":"For companies","item":"https:\/\/cz.gigroup.com\/en\/for-employers\/"},{"@type":"ListItem","position":3,"name":"International Mobility"}]},{"@type":"WebSite","@id":"https:\/\/cz.gigroup.com\/#website","url":"https:\/\/cz.gigroup.com\/","name":"Gi Group Czech Rep","description":"\u0158e\u0161en\u00ed do\u010dasn\u00e9ho i trval\u00e9ho zam\u011bstn\u00e1v\u00e1n\u00ed pro firmy","potentialAction":[{"@type":"SearchAction","target":{"@type":"EntryPoint","urlTemplate":"https:\/\/cz.gigroup.com\/?s={search_term_string}"},"query-input":{"@type":"PropertyValueSpecification","valueRequired":true,"valueName":"search_term_string"}}],"inLanguage":"en-GB"}]}},"_links":{"self":[{"href":"https:\/\/cz.gigroup.com\/en\/wp-json\/wp\/v2\/pages\/4462","targetHints":{"allow":["GET"]}}],"collection":[{"href":"https:\/\/cz.gigroup.com\/en\/wp-json\/wp\/v2\/pages"}],"about":[{"href":"https:\/\/cz.gigroup.com\/en\/wp-json\/wp\/v2\/types\/page"}],"author":[{"embeddable":true,"href":"https:\/\/cz.gigroup.com\/en\/wp-json\/wp\/v2\/users\/1"}],"replies":[{"embeddable":true,"href":"https:\/\/cz.gigroup.com\/en\/wp-json\/wp\/v2\/comments?post=4462"}],"version-history":[{"count":12,"href":"https:\/\/cz.gigroup.com\/en\/wp-json\/wp\/v2\/pages\/4462\/revisions"}],"predecessor-version":[{"id":6574,"href":"https:\/\/cz.gigroup.com\/en\/wp-json\/wp\/v2\/pages\/4462\/revisions\/6574"}],"up":[{"embeddable":true,"href":"https:\/\/cz.gigroup.com\/en\/wp-json\/wp\/v2\/pages\/4454"}],"wp:featuredmedia":[{"embeddable":true,"href":"https:\/\/cz.gigroup.com\/en\/wp-json\/wp\/v2\/media\/4270"}],"wp:attachment":[{"href":"https:\/\/cz.gigroup.com\/en\/wp-json\/wp\/v2\/media?parent=4462"}],"curies":[{"name":"wp","href":"https:\/\/api.w.org\/{rel}","templated":true}]}}