{"id":4467,"date":"2025-10-22T13:36:27","date_gmt":"2025-10-22T11:36:27","guid":{"rendered":"https:\/\/cz.gigroup.com\/zamestnavatele\/mzdovy-pruzkum-2025\/mzdovy-pruzkum-2025\/"},"modified":"2026-03-28T19:49:36","modified_gmt":"2026-03-28T18:49:36","slug":"salary-guide-2025","status":"publish","type":"page","link":"https:\/\/cz.gigroup.com\/en\/for-employers\/our-surveys\/salary-guide-2025\/","title":{"rendered":"Salary Guide 2025"},"content":{"rendered":"","protected":false},"excerpt":{"rendered":"","protected":false},"author":1,"featured_media":4421,"parent":4463,"menu_order":0,"comment_status":"closed","ping_status":"closed","template":"","meta":{"footnotes":""},"class_list":["post-4467","page","type-page","status-publish","has-post-thumbnail","hentry"],"yoast_head":"<!-- This site is optimized with the Yoast SEO Premium plugin v27.4 (Yoast SEO v27.4) - https:\/\/yoast.com\/product\/yoast-seo-premium-wordpress\/ -->\n<title>Salary Guide 2025 - Gi Group Czech Rep<\/title>\n<meta name=\"description\" content=\"In September 2025, the 11th edition of our annual Wage Survey will be published, which once again brings the broadest overview of wage developments in the private sector across the Czech Republic.\" \/>\n<meta name=\"robots\" content=\"index, follow, max-snippet:-1, max-image-preview:large, max-video-preview:-1\" \/>\n<link rel=\"canonical\" href=\"https:\/\/cz.gigroup.com\/en\/for-employers\/our-surveys\/salary-guide-2025\/\" \/>\n<meta property=\"og:locale\" content=\"en_GB\" \/>\n<meta property=\"og:type\" content=\"article\" \/>\n<meta property=\"og:title\" content=\"Salary Guide 2025\" \/>\n<meta property=\"og:description\" content=\"In September 2025, the 11th edition of our annual Wage Survey will be published, which once again brings the broadest overview of wage developments in the private sector across the Czech Republic.\" \/>\n<meta property=\"og:url\" content=\"https:\/\/cz.gigroup.com\/en\/for-employers\/our-surveys\/salary-guide-2025\/\" \/>\n<meta property=\"og:site_name\" content=\"Gi Group Czech Rep\" \/>\n<meta property=\"article:modified_time\" content=\"2026-03-28T18:49:36+00:00\" \/>\n<meta property=\"og:image\" content=\"https:\/\/cz.gigroup.com\/wp-content\/uploads\/sites\/22\/salary_guide_2025_cz.webp\" \/>\n\t<meta property=\"og:image:width\" content=\"1000\" \/>\n\t<meta property=\"og:image:height\" content=\"600\" \/>\n\t<meta property=\"og:image:type\" content=\"image\/webp\" \/>\n<meta name=\"twitter:card\" content=\"summary_large_image\" \/>\n<script type=\"application\/ld+json\" class=\"yoast-schema-graph\">{\"@context\":\"https:\\\/\\\/schema.org\",\"@graph\":[{\"@type\":\"WebPage\",\"@id\":\"https:\\\/\\\/cz.gigroup.com\\\/en\\\/for-employers\\\/our-surveys\\\/salary-guide-2025\\\/\",\"url\":\"https:\\\/\\\/cz.gigroup.com\\\/en\\\/for-employers\\\/our-surveys\\\/salary-guide-2025\\\/\",\"name\":\"Salary Guide 2025 - Gi Group Czech Rep\",\"isPartOf\":{\"@id\":\"https:\\\/\\\/cz.gigroup.com\\\/#website\"},\"primaryImageOfPage\":{\"@id\":\"https:\\\/\\\/cz.gigroup.com\\\/en\\\/for-employers\\\/our-surveys\\\/salary-guide-2025\\\/#primaryimage\"},\"image\":{\"@id\":\"https:\\\/\\\/cz.gigroup.com\\\/en\\\/for-employers\\\/our-surveys\\\/salary-guide-2025\\\/#primaryimage\"},\"thumbnailUrl\":\"https:\\\/\\\/cz.gigroup.com\\\/wp-content\\\/uploads\\\/sites\\\/22\\\/salary_guide_2025_cz.webp\",\"datePublished\":\"2025-10-22T11:36:27+00:00\",\"dateModified\":\"2026-03-28T18:49:36+00:00\",\"description\":\"In September 2025, the 11th edition of our annual Wage Survey will be published, which once again brings the broadest overview of wage developments in the private sector across the Czech Republic.\",\"breadcrumb\":{\"@id\":\"https:\\\/\\\/cz.gigroup.com\\\/en\\\/for-employers\\\/our-surveys\\\/salary-guide-2025\\\/#breadcrumb\"},\"inLanguage\":\"en-GB\",\"potentialAction\":[{\"@type\":\"ReadAction\",\"target\":[\"https:\\\/\\\/cz.gigroup.com\\\/en\\\/for-employers\\\/our-surveys\\\/salary-guide-2025\\\/\"]}]},{\"@type\":\"ImageObject\",\"inLanguage\":\"en-GB\",\"@id\":\"https:\\\/\\\/cz.gigroup.com\\\/en\\\/for-employers\\\/our-surveys\\\/salary-guide-2025\\\/#primaryimage\",\"url\":\"https:\\\/\\\/cz.gigroup.com\\\/wp-content\\\/uploads\\\/sites\\\/22\\\/salary_guide_2025_cz.webp\",\"contentUrl\":\"https:\\\/\\\/cz.gigroup.com\\\/wp-content\\\/uploads\\\/sites\\\/22\\\/salary_guide_2025_cz.webp\",\"width\":1000,\"height\":600,\"caption\":\"Mzdov\u00fd pr\u016fzkum 2025\"},{\"@type\":\"BreadcrumbList\",\"@id\":\"https:\\\/\\\/cz.gigroup.com\\\/en\\\/for-employers\\\/our-surveys\\\/salary-guide-2025\\\/#breadcrumb\",\"itemListElement\":[{\"@type\":\"ListItem\",\"position\":1,\"name\":\"Home\",\"item\":\"https:\\\/\\\/cz.gigroup.com\\\/en\\\/home\\\/\"},{\"@type\":\"ListItem\",\"position\":2,\"name\":\"For companies\",\"item\":\"https:\\\/\\\/cz.gigroup.com\\\/en\\\/for-employers\\\/\"},{\"@type\":\"ListItem\",\"position\":3,\"name\":\"Our Surveys\",\"item\":\"https:\\\/\\\/cz.gigroup.com\\\/en\\\/for-employers\\\/our-surveys\\\/\"},{\"@type\":\"ListItem\",\"position\":4,\"name\":\"Salary Guide 2025\"}]},{\"@type\":\"WebSite\",\"@id\":\"https:\\\/\\\/cz.gigroup.com\\\/#website\",\"url\":\"https:\\\/\\\/cz.gigroup.com\\\/\",\"name\":\"Gi Group Czech Rep\",\"description\":\"\u0158e\u0161en\u00ed do\u010dasn\u00e9ho i trval\u00e9ho zam\u011bstn\u00e1v\u00e1n\u00ed pro firmy\",\"potentialAction\":[{\"@type\":\"SearchAction\",\"target\":{\"@type\":\"EntryPoint\",\"urlTemplate\":\"https:\\\/\\\/cz.gigroup.com\\\/?s={search_term_string}\"},\"query-input\":{\"@type\":\"PropertyValueSpecification\",\"valueRequired\":true,\"valueName\":\"search_term_string\"}}],\"inLanguage\":\"en-GB\"}]}<\/script>\n<!-- \/ Yoast SEO Premium plugin. -->","yoast_head_json":{"title":"Salary Guide 2025 - Gi Group Czech Rep","description":"In September 2025, the 11th edition of our annual Wage Survey will be published, which once again brings the broadest overview of wage developments in the private sector across the Czech Republic.","robots":{"index":"index","follow":"follow","max-snippet":"max-snippet:-1","max-image-preview":"max-image-preview:large","max-video-preview":"max-video-preview:-1"},"canonical":"https:\/\/cz.gigroup.com\/en\/for-employers\/our-surveys\/salary-guide-2025\/","og_locale":"en_GB","og_type":"article","og_title":"Salary Guide 2025","og_description":"In September 2025, the 11th edition of our annual Wage Survey will be published, which once again brings the broadest overview of wage developments in the private sector across the Czech Republic.","og_url":"https:\/\/cz.gigroup.com\/en\/for-employers\/our-surveys\/salary-guide-2025\/","og_site_name":"Gi Group Czech Rep","article_modified_time":"2026-03-28T18:49:36+00:00","og_image":[{"width":1000,"height":600,"url":"https:\/\/cz.gigroup.com\/wp-content\/uploads\/sites\/22\/salary_guide_2025_cz.webp","type":"image\/webp"}],"twitter_card":"summary_large_image","schema":{"@context":"https:\/\/schema.org","@graph":[{"@type":"WebPage","@id":"https:\/\/cz.gigroup.com\/en\/for-employers\/our-surveys\/salary-guide-2025\/","url":"https:\/\/cz.gigroup.com\/en\/for-employers\/our-surveys\/salary-guide-2025\/","name":"Salary Guide 2025 - Gi Group Czech Rep","isPartOf":{"@id":"https:\/\/cz.gigroup.com\/#website"},"primaryImageOfPage":{"@id":"https:\/\/cz.gigroup.com\/en\/for-employers\/our-surveys\/salary-guide-2025\/#primaryimage"},"image":{"@id":"https:\/\/cz.gigroup.com\/en\/for-employers\/our-surveys\/salary-guide-2025\/#primaryimage"},"thumbnailUrl":"https:\/\/cz.gigroup.com\/wp-content\/uploads\/sites\/22\/salary_guide_2025_cz.webp","datePublished":"2025-10-22T11:36:27+00:00","dateModified":"2026-03-28T18:49:36+00:00","description":"In September 2025, the 11th edition of our annual Wage Survey will be published, which once again brings the broadest overview of wage developments in the private sector across the Czech Republic.","breadcrumb":{"@id":"https:\/\/cz.gigroup.com\/en\/for-employers\/our-surveys\/salary-guide-2025\/#breadcrumb"},"inLanguage":"en-GB","potentialAction":[{"@type":"ReadAction","target":["https:\/\/cz.gigroup.com\/en\/for-employers\/our-surveys\/salary-guide-2025\/"]}]},{"@type":"ImageObject","inLanguage":"en-GB","@id":"https:\/\/cz.gigroup.com\/en\/for-employers\/our-surveys\/salary-guide-2025\/#primaryimage","url":"https:\/\/cz.gigroup.com\/wp-content\/uploads\/sites\/22\/salary_guide_2025_cz.webp","contentUrl":"https:\/\/cz.gigroup.com\/wp-content\/uploads\/sites\/22\/salary_guide_2025_cz.webp","width":1000,"height":600,"caption":"Mzdov\u00fd pr\u016fzkum 2025"},{"@type":"BreadcrumbList","@id":"https:\/\/cz.gigroup.com\/en\/for-employers\/our-surveys\/salary-guide-2025\/#breadcrumb","itemListElement":[{"@type":"ListItem","position":1,"name":"Home","item":"https:\/\/cz.gigroup.com\/en\/home\/"},{"@type":"ListItem","position":2,"name":"For companies","item":"https:\/\/cz.gigroup.com\/en\/for-employers\/"},{"@type":"ListItem","position":3,"name":"Our Surveys","item":"https:\/\/cz.gigroup.com\/en\/for-employers\/our-surveys\/"},{"@type":"ListItem","position":4,"name":"Salary Guide 2025"}]},{"@type":"WebSite","@id":"https:\/\/cz.gigroup.com\/#website","url":"https:\/\/cz.gigroup.com\/","name":"Gi Group Czech Rep","description":"\u0158e\u0161en\u00ed do\u010dasn\u00e9ho i trval\u00e9ho zam\u011bstn\u00e1v\u00e1n\u00ed pro firmy","potentialAction":[{"@type":"SearchAction","target":{"@type":"EntryPoint","urlTemplate":"https:\/\/cz.gigroup.com\/?s={search_term_string}"},"query-input":{"@type":"PropertyValueSpecification","valueRequired":true,"valueName":"search_term_string"}}],"inLanguage":"en-GB"}]}},"_links":{"self":[{"href":"https:\/\/cz.gigroup.com\/en\/wp-json\/wp\/v2\/pages\/4467","targetHints":{"allow":["GET"]}}],"collection":[{"href":"https:\/\/cz.gigroup.com\/en\/wp-json\/wp\/v2\/pages"}],"about":[{"href":"https:\/\/cz.gigroup.com\/en\/wp-json\/wp\/v2\/types\/page"}],"author":[{"embeddable":true,"href":"https:\/\/cz.gigroup.com\/en\/wp-json\/wp\/v2\/users\/1"}],"replies":[{"embeddable":true,"href":"https:\/\/cz.gigroup.com\/en\/wp-json\/wp\/v2\/comments?post=4467"}],"version-history":[{"count":11,"href":"https:\/\/cz.gigroup.com\/en\/wp-json\/wp\/v2\/pages\/4467\/revisions"}],"predecessor-version":[{"id":6390,"href":"https:\/\/cz.gigroup.com\/en\/wp-json\/wp\/v2\/pages\/4467\/revisions\/6390"}],"up":[{"embeddable":true,"href":"https:\/\/cz.gigroup.com\/en\/wp-json\/wp\/v2\/pages\/4463"}],"wp:featuredmedia":[{"embeddable":true,"href":"https:\/\/cz.gigroup.com\/en\/wp-json\/wp\/v2\/media\/4421"}],"wp:attachment":[{"href":"https:\/\/cz.gigroup.com\/en\/wp-json\/wp\/v2\/media?parent=4467"}],"curies":[{"name":"wp","href":"https:\/\/api.w.org\/{rel}","templated":true}]}}