{"id":4470,"date":"2025-10-20T15:24:59","date_gmt":"2025-10-20T13:24:59","guid":{"rendered":"https:\/\/cz.gigroup.com\/whistleblowing\/"},"modified":"2026-03-09T19:12:21","modified_gmt":"2026-03-09T18:12:21","slug":"whistleblowing","status":"publish","type":"page","link":"https:\/\/cz.gigroup.com\/en\/whistleblowing\/","title":{"rendered":"Whistleblowing"},"content":{"rendered":"\n<p>Umo\u017e\u0148ujeme pod\u00e1v\u00e1n\u00ed ozn\u00e1men\u00ed dle Z\u00e1kona o ochran\u011b oznamovatel\u016f \u010d. 171\/2023 Sb. p\u0159es vnit\u0159n\u00ed oznamovac\u00ed syst\u00e9m SafeTalk. K obsahu ozn\u00e1men\u00ed m\u00e1 p\u0159\u00edstup pouze P\u0159\u00edslu\u0161n\u00e1 osoba.<\/p>\n\n\n\n<p>&#8212;&#8211;<\/p>\n\n\n\n<p>Umo\u017cliwiamy sk\u0142adanie zawiadomie\u0144 zgodnie z Ustaw\u0105 o ochronie donosicieli nr 171\/2023 Sb. za po\u015brednictwem wewn\u0119trznego systemu donoszenia SafeTalk. Tylko Osoba Uprawniona ma dost\u0119p do tre\u015bci zg\u0142oszenia.<\/p>\n\n\n\n<p>&#8212;&#8211;<\/p>\n\n\n\n<p>\u041c\u0438 \u0434\u043e\u0437\u0432\u043e\u043b\u044f\u0454\u043c\u043e \u043f\u043e\u0434\u0430\u0447\u0443 \u0441\u043f\u043e\u0432\u0456\u0449\u0435\u043d\u044c \u0432\u0456\u0434\u043f\u043e\u0432\u0456\u0434\u043d\u043e \u0434\u043e \u0417\u0430\u043a\u043e\u043d\u0443 \u043f\u0440\u043e \u0437\u0430\u0445\u0438\u0441\u0442 \u043e\u0441\u0456\u0431, \u0449\u043e \u0440\u043e\u0431\u043b\u044f\u0442\u044c \u0437\u0430\u044f\u0432\u0438, \u2116 171\/2023 Sb., \u0447\u0435\u0440\u0435\u0437 \u0432\u043d\u0443\u0442\u0440\u0456\u0448\u043d\u044e \u0441\u0438\u0441\u0442\u0435\u043c\u0443 \u0441\u043f\u043e\u0432\u0456\u0449\u0435\u043d\u044c SafeTalk. \u0414\u043e\u0441\u0442\u0443\u043f \u0434\u043e \u0437\u043c\u0456\u0441\u0442\u0443 \u0441\u043f\u043e\u0432\u0456\u0449\u0435\u043d\u044c \u043c\u0430\u0454 \u043b\u0438\u0448\u0435 \u0412\u0456\u0434\u043f\u043e\u0432\u0456\u0434\u043d\u0430 \u043e\u0441\u043e\u0431\u0430.<\/p>\n","protected":false},"excerpt":{"rendered":"<p>Umo\u017e\u0148ujeme pod\u00e1v\u00e1n\u00ed ozn\u00e1men\u00ed dle Z\u00e1kona o ochran\u011b oznamovatel\u016f \u010d. 171\/2023 Sb. p\u0159es vnit\u0159n\u00ed oznamovac\u00ed syst\u00e9m SafeTalk. K obsahu ozn\u00e1men\u00ed m\u00e1 p\u0159\u00edstup pouze P\u0159\u00edslu\u0161n\u00e1 osoba. &#8212;&#8211; Umo\u017cliwiamy sk\u0142adanie zawiadomie\u0144 zgodnie z Ustaw\u0105 o ochronie donosicieli nr 171\/2023 Sb. za po\u015brednictwem wewn\u0119trznego systemu donoszenia SafeTalk. Tylko Osoba Uprawniona ma dost\u0119p do tre\u015bci zg\u0142oszenia. &#8212;&#8211; \u041c\u0438 \u0434\u043e\u0437\u0432\u043e\u043b\u044f\u0454\u043c\u043e \u043f\u043e\u0434\u0430\u0447\u0443 [&hellip;]<\/p>\n","protected":false},"author":1,"featured_media":4210,"parent":0,"menu_order":0,"comment_status":"closed","ping_status":"closed","template":"","meta":{"footnotes":""},"class_list":["post-4470","page","type-page","status-publish","has-post-thumbnail","hentry"],"yoast_head":"<!-- This site is optimized with the Yoast SEO Premium plugin v27.4 (Yoast SEO v27.4) - https:\/\/yoast.com\/product\/yoast-seo-premium-wordpress\/ -->\n<title>Whistleblowing - Gi Group Czech Rep<\/title>\n<meta name=\"robots\" content=\"index, follow, max-snippet:-1, max-image-preview:large, max-video-preview:-1\" \/>\n<link rel=\"canonical\" href=\"https:\/\/cz.gigroup.com\/en\/whistleblowing\/\" \/>\n<meta property=\"og:locale\" content=\"en_GB\" \/>\n<meta property=\"og:type\" content=\"article\" \/>\n<meta property=\"og:title\" content=\"Whistleblowing\" \/>\n<meta property=\"og:description\" content=\"Umo\u017e\u0148ujeme pod\u00e1v\u00e1n\u00ed ozn\u00e1men\u00ed dle Z\u00e1kona o ochran\u011b oznamovatel\u016f \u010d. 171\/2023 Sb. p\u0159es vnit\u0159n\u00ed oznamovac\u00ed syst\u00e9m SafeTalk. K obsahu ozn\u00e1men\u00ed m\u00e1 p\u0159\u00edstup pouze P\u0159\u00edslu\u0161n\u00e1 osoba. &#8212;&#8211; Umo\u017cliwiamy sk\u0142adanie zawiadomie\u0144 zgodnie z Ustaw\u0105 o ochronie donosicieli nr 171\/2023 Sb. za po\u015brednictwem wewn\u0119trznego systemu donoszenia SafeTalk. Tylko Osoba Uprawniona ma dost\u0119p do tre\u015bci zg\u0142oszenia. &#8212;&#8211; \u041c\u0438 \u0434\u043e\u0437\u0432\u043e\u043b\u044f\u0454\u043c\u043e \u043f\u043e\u0434\u0430\u0447\u0443 [&hellip;]\" \/>\n<meta property=\"og:url\" content=\"https:\/\/cz.gigroup.com\/en\/whistleblowing\/\" \/>\n<meta property=\"og:site_name\" content=\"Gi Group Czech Rep\" \/>\n<meta property=\"article:modified_time\" content=\"2026-03-09T18:12:21+00:00\" \/>\n<meta property=\"og:image\" content=\"https:\/\/cz.gigroup.com\/wp-content\/uploads\/sites\/22\/gi-group-logo-696x696-1.jpg\" \/>\n\t<meta property=\"og:image:width\" content=\"696\" \/>\n\t<meta property=\"og:image:height\" content=\"696\" \/>\n\t<meta property=\"og:image:type\" content=\"image\/jpeg\" \/>\n<meta name=\"twitter:card\" content=\"summary_large_image\" \/>\n<script type=\"application\/ld+json\" class=\"yoast-schema-graph\">{\"@context\":\"https:\\\/\\\/schema.org\",\"@graph\":[{\"@type\":\"WebPage\",\"@id\":\"https:\\\/\\\/cz.gigroup.com\\\/en\\\/whistleblowing\\\/\",\"url\":\"https:\\\/\\\/cz.gigroup.com\\\/en\\\/whistleblowing\\\/\",\"name\":\"Whistleblowing - Gi Group Czech Rep\",\"isPartOf\":{\"@id\":\"https:\\\/\\\/cz.gigroup.com\\\/#website\"},\"primaryImageOfPage\":{\"@id\":\"https:\\\/\\\/cz.gigroup.com\\\/en\\\/whistleblowing\\\/#primaryimage\"},\"image\":{\"@id\":\"https:\\\/\\\/cz.gigroup.com\\\/en\\\/whistleblowing\\\/#primaryimage\"},\"thumbnailUrl\":\"https:\\\/\\\/cz.gigroup.com\\\/wp-content\\\/uploads\\\/sites\\\/22\\\/gi-group-logo-696x696-1.jpg\",\"datePublished\":\"2025-10-20T13:24:59+00:00\",\"dateModified\":\"2026-03-09T18:12:21+00:00\",\"breadcrumb\":{\"@id\":\"https:\\\/\\\/cz.gigroup.com\\\/en\\\/whistleblowing\\\/#breadcrumb\"},\"inLanguage\":\"en-GB\",\"potentialAction\":[{\"@type\":\"ReadAction\",\"target\":[\"https:\\\/\\\/cz.gigroup.com\\\/en\\\/whistleblowing\\\/\"]}]},{\"@type\":\"ImageObject\",\"inLanguage\":\"en-GB\",\"@id\":\"https:\\\/\\\/cz.gigroup.com\\\/en\\\/whistleblowing\\\/#primaryimage\",\"url\":\"https:\\\/\\\/cz.gigroup.com\\\/wp-content\\\/uploads\\\/sites\\\/22\\\/gi-group-logo-696x696-1.jpg\",\"contentUrl\":\"https:\\\/\\\/cz.gigroup.com\\\/wp-content\\\/uploads\\\/sites\\\/22\\\/gi-group-logo-696x696-1.jpg\",\"width\":696,\"height\":696,\"caption\":\"Gi Group\"},{\"@type\":\"BreadcrumbList\",\"@id\":\"https:\\\/\\\/cz.gigroup.com\\\/en\\\/whistleblowing\\\/#breadcrumb\",\"itemListElement\":[{\"@type\":\"ListItem\",\"position\":1,\"name\":\"Home\",\"item\":\"https:\\\/\\\/cz.gigroup.com\\\/en\\\/home\\\/\"},{\"@type\":\"ListItem\",\"position\":2,\"name\":\"Whistleblowing\"}]},{\"@type\":\"WebSite\",\"@id\":\"https:\\\/\\\/cz.gigroup.com\\\/#website\",\"url\":\"https:\\\/\\\/cz.gigroup.com\\\/\",\"name\":\"Gi Group Czech Rep\",\"description\":\"\u0158e\u0161en\u00ed do\u010dasn\u00e9ho i trval\u00e9ho zam\u011bstn\u00e1v\u00e1n\u00ed pro firmy\",\"potentialAction\":[{\"@type\":\"SearchAction\",\"target\":{\"@type\":\"EntryPoint\",\"urlTemplate\":\"https:\\\/\\\/cz.gigroup.com\\\/?s={search_term_string}\"},\"query-input\":{\"@type\":\"PropertyValueSpecification\",\"valueRequired\":true,\"valueName\":\"search_term_string\"}}],\"inLanguage\":\"en-GB\"}]}<\/script>\n<!-- \/ Yoast SEO Premium plugin. -->","yoast_head_json":{"title":"Whistleblowing - Gi Group Czech Rep","robots":{"index":"index","follow":"follow","max-snippet":"max-snippet:-1","max-image-preview":"max-image-preview:large","max-video-preview":"max-video-preview:-1"},"canonical":"https:\/\/cz.gigroup.com\/en\/whistleblowing\/","og_locale":"en_GB","og_type":"article","og_title":"Whistleblowing","og_description":"Umo\u017e\u0148ujeme pod\u00e1v\u00e1n\u00ed ozn\u00e1men\u00ed dle Z\u00e1kona o ochran\u011b oznamovatel\u016f \u010d. 171\/2023 Sb. p\u0159es vnit\u0159n\u00ed oznamovac\u00ed syst\u00e9m SafeTalk. K obsahu ozn\u00e1men\u00ed m\u00e1 p\u0159\u00edstup pouze P\u0159\u00edslu\u0161n\u00e1 osoba. &#8212;&#8211; Umo\u017cliwiamy sk\u0142adanie zawiadomie\u0144 zgodnie z Ustaw\u0105 o ochronie donosicieli nr 171\/2023 Sb. za po\u015brednictwem wewn\u0119trznego systemu donoszenia SafeTalk. Tylko Osoba Uprawniona ma dost\u0119p do tre\u015bci zg\u0142oszenia. &#8212;&#8211; \u041c\u0438 \u0434\u043e\u0437\u0432\u043e\u043b\u044f\u0454\u043c\u043e \u043f\u043e\u0434\u0430\u0447\u0443 [&hellip;]","og_url":"https:\/\/cz.gigroup.com\/en\/whistleblowing\/","og_site_name":"Gi Group Czech Rep","article_modified_time":"2026-03-09T18:12:21+00:00","og_image":[{"width":696,"height":696,"url":"https:\/\/cz.gigroup.com\/wp-content\/uploads\/sites\/22\/gi-group-logo-696x696-1.jpg","type":"image\/jpeg"}],"twitter_card":"summary_large_image","schema":{"@context":"https:\/\/schema.org","@graph":[{"@type":"WebPage","@id":"https:\/\/cz.gigroup.com\/en\/whistleblowing\/","url":"https:\/\/cz.gigroup.com\/en\/whistleblowing\/","name":"Whistleblowing - Gi Group Czech Rep","isPartOf":{"@id":"https:\/\/cz.gigroup.com\/#website"},"primaryImageOfPage":{"@id":"https:\/\/cz.gigroup.com\/en\/whistleblowing\/#primaryimage"},"image":{"@id":"https:\/\/cz.gigroup.com\/en\/whistleblowing\/#primaryimage"},"thumbnailUrl":"https:\/\/cz.gigroup.com\/wp-content\/uploads\/sites\/22\/gi-group-logo-696x696-1.jpg","datePublished":"2025-10-20T13:24:59+00:00","dateModified":"2026-03-09T18:12:21+00:00","breadcrumb":{"@id":"https:\/\/cz.gigroup.com\/en\/whistleblowing\/#breadcrumb"},"inLanguage":"en-GB","potentialAction":[{"@type":"ReadAction","target":["https:\/\/cz.gigroup.com\/en\/whistleblowing\/"]}]},{"@type":"ImageObject","inLanguage":"en-GB","@id":"https:\/\/cz.gigroup.com\/en\/whistleblowing\/#primaryimage","url":"https:\/\/cz.gigroup.com\/wp-content\/uploads\/sites\/22\/gi-group-logo-696x696-1.jpg","contentUrl":"https:\/\/cz.gigroup.com\/wp-content\/uploads\/sites\/22\/gi-group-logo-696x696-1.jpg","width":696,"height":696,"caption":"Gi Group"},{"@type":"BreadcrumbList","@id":"https:\/\/cz.gigroup.com\/en\/whistleblowing\/#breadcrumb","itemListElement":[{"@type":"ListItem","position":1,"name":"Home","item":"https:\/\/cz.gigroup.com\/en\/home\/"},{"@type":"ListItem","position":2,"name":"Whistleblowing"}]},{"@type":"WebSite","@id":"https:\/\/cz.gigroup.com\/#website","url":"https:\/\/cz.gigroup.com\/","name":"Gi Group Czech Rep","description":"\u0158e\u0161en\u00ed do\u010dasn\u00e9ho i trval\u00e9ho zam\u011bstn\u00e1v\u00e1n\u00ed pro firmy","potentialAction":[{"@type":"SearchAction","target":{"@type":"EntryPoint","urlTemplate":"https:\/\/cz.gigroup.com\/?s={search_term_string}"},"query-input":{"@type":"PropertyValueSpecification","valueRequired":true,"valueName":"search_term_string"}}],"inLanguage":"en-GB"}]}},"_links":{"self":[{"href":"https:\/\/cz.gigroup.com\/en\/wp-json\/wp\/v2\/pages\/4470","targetHints":{"allow":["GET"]}}],"collection":[{"href":"https:\/\/cz.gigroup.com\/en\/wp-json\/wp\/v2\/pages"}],"about":[{"href":"https:\/\/cz.gigroup.com\/en\/wp-json\/wp\/v2\/types\/page"}],"author":[{"embeddable":true,"href":"https:\/\/cz.gigroup.com\/en\/wp-json\/wp\/v2\/users\/1"}],"replies":[{"embeddable":true,"href":"https:\/\/cz.gigroup.com\/en\/wp-json\/wp\/v2\/comments?post=4470"}],"version-history":[{"count":1,"href":"https:\/\/cz.gigroup.com\/en\/wp-json\/wp\/v2\/pages\/4470\/revisions"}],"predecessor-version":[{"id":5160,"href":"https:\/\/cz.gigroup.com\/en\/wp-json\/wp\/v2\/pages\/4470\/revisions\/5160"}],"wp:featuredmedia":[{"embeddable":true,"href":"https:\/\/cz.gigroup.com\/en\/wp-json\/wp\/v2\/media\/4210"}],"wp:attachment":[{"href":"https:\/\/cz.gigroup.com\/en\/wp-json\/wp\/v2\/media?parent=4470"}],"curies":[{"name":"wp","href":"https:\/\/api.w.org\/{rel}","templated":true}]}}