{"id":5930,"date":"2026-01-13T13:08:17","date_gmt":"2026-01-13T12:08:17","guid":{"rendered":"https:\/\/cz.gigroup.com\/for-employers\/our-surveys\/salary-guide-for-the-business-services-sector-2025\/"},"modified":"2026-03-28T20:32:40","modified_gmt":"2026-03-28T19:32:40","slug":"salary-guide-for-the-business-services-sector-2025","status":"publish","type":"page","link":"https:\/\/cz.gigroup.com\/en\/for-employers\/our-surveys\/salary-guide-for-the-business-services-sector-2025\/","title":{"rendered":"Salary Guide for the Business Services Sector 2025"},"content":{"rendered":"","protected":false},"excerpt":{"rendered":"","protected":false},"author":1,"featured_media":0,"parent":4463,"menu_order":0,"comment_status":"closed","ping_status":"closed","template":"","meta":{"footnotes":""},"class_list":["post-5930","page","type-page","status-publish","hentry"],"yoast_head":"<!-- This site is optimized with the Yoast SEO Premium plugin v27.4 (Yoast SEO v27.4) - https:\/\/yoast.com\/product\/yoast-seo-premium-wordpress\/ -->\n<title>Salary Guide for the Business Services Sector 2025<\/title>\n<meta name=\"description\" content=\"Our annual salary survey provides a detailed overview of compensation for more than 120 job positions in this sector. It offers data from three key regions, includes both candidate salary expectations and employer requirements, and highlights current trends \u2013 from international recruitment and employee retention to digital transformation.\" \/>\n<meta name=\"robots\" content=\"index, follow, max-snippet:-1, max-image-preview:large, max-video-preview:-1\" \/>\n<link rel=\"canonical\" href=\"https:\/\/cz.gigroup.com\/en\/for-employers\/our-surveys\/salary-guide-for-the-business-services-sector-2025\/\" \/>\n<meta property=\"og:locale\" content=\"en_GB\" \/>\n<meta property=\"og:type\" content=\"article\" \/>\n<meta property=\"og:title\" content=\"Salary Guide for the Business Services Sector 2025\" \/>\n<meta property=\"og:description\" content=\"Our annual salary survey provides a detailed overview of compensation for more than 120 job positions in this sector. It offers data from three key regions, includes both candidate salary expectations and employer requirements, and highlights current trends \u2013 from international recruitment and employee retention to digital transformation.\" \/>\n<meta property=\"og:url\" content=\"https:\/\/cz.gigroup.com\/en\/for-employers\/our-surveys\/salary-guide-for-the-business-services-sector-2025\/\" \/>\n<meta property=\"og:site_name\" content=\"Gi Group Czech Rep\" \/>\n<meta property=\"article:modified_time\" content=\"2026-03-28T19:32:40+00:00\" \/>\n<meta name=\"twitter:card\" content=\"summary_large_image\" \/>\n<script type=\"application\/ld+json\" class=\"yoast-schema-graph\">{\"@context\":\"https:\\\/\\\/schema.org\",\"@graph\":[{\"@type\":\"WebPage\",\"@id\":\"https:\\\/\\\/cz.gigroup.com\\\/en\\\/for-employers\\\/our-surveys\\\/salary-guide-for-the-business-services-sector-2025\\\/\",\"url\":\"https:\\\/\\\/cz.gigroup.com\\\/en\\\/for-employers\\\/our-surveys\\\/salary-guide-for-the-business-services-sector-2025\\\/\",\"name\":\"Salary Guide for the Business Services Sector 2025\",\"isPartOf\":{\"@id\":\"https:\\\/\\\/cz.gigroup.com\\\/#website\"},\"datePublished\":\"2026-01-13T12:08:17+00:00\",\"dateModified\":\"2026-03-28T19:32:40+00:00\",\"description\":\"Our annual salary survey provides a detailed overview of compensation for more than 120 job positions in this sector. It offers data from three key regions, includes both candidate salary expectations and employer requirements, and highlights current trends \u2013 from international recruitment and employee retention to digital transformation.\",\"breadcrumb\":{\"@id\":\"https:\\\/\\\/cz.gigroup.com\\\/en\\\/for-employers\\\/our-surveys\\\/salary-guide-for-the-business-services-sector-2025\\\/#breadcrumb\"},\"inLanguage\":\"en-GB\",\"potentialAction\":[{\"@type\":\"ReadAction\",\"target\":[\"https:\\\/\\\/cz.gigroup.com\\\/en\\\/for-employers\\\/our-surveys\\\/salary-guide-for-the-business-services-sector-2025\\\/\"]}]},{\"@type\":\"BreadcrumbList\",\"@id\":\"https:\\\/\\\/cz.gigroup.com\\\/en\\\/for-employers\\\/our-surveys\\\/salary-guide-for-the-business-services-sector-2025\\\/#breadcrumb\",\"itemListElement\":[{\"@type\":\"ListItem\",\"position\":1,\"name\":\"Home\",\"item\":\"https:\\\/\\\/cz.gigroup.com\\\/en\\\/home\\\/\"},{\"@type\":\"ListItem\",\"position\":2,\"name\":\"For companies\",\"item\":\"https:\\\/\\\/cz.gigroup.com\\\/en\\\/for-employers\\\/\"},{\"@type\":\"ListItem\",\"position\":3,\"name\":\"Our Surveys\",\"item\":\"https:\\\/\\\/cz.gigroup.com\\\/en\\\/for-employers\\\/our-surveys\\\/\"},{\"@type\":\"ListItem\",\"position\":4,\"name\":\"Salary Guide for the Business Services Sector 2025\"}]},{\"@type\":\"WebSite\",\"@id\":\"https:\\\/\\\/cz.gigroup.com\\\/#website\",\"url\":\"https:\\\/\\\/cz.gigroup.com\\\/\",\"name\":\"Gi Group Czech Rep\",\"description\":\"\u0158e\u0161en\u00ed do\u010dasn\u00e9ho i trval\u00e9ho zam\u011bstn\u00e1v\u00e1n\u00ed pro firmy\",\"potentialAction\":[{\"@type\":\"SearchAction\",\"target\":{\"@type\":\"EntryPoint\",\"urlTemplate\":\"https:\\\/\\\/cz.gigroup.com\\\/?s={search_term_string}\"},\"query-input\":{\"@type\":\"PropertyValueSpecification\",\"valueRequired\":true,\"valueName\":\"search_term_string\"}}],\"inLanguage\":\"en-GB\"}]}<\/script>\n<!-- \/ Yoast SEO Premium plugin. -->","yoast_head_json":{"title":"Salary Guide for the Business Services Sector 2025","description":"Our annual salary survey provides a detailed overview of compensation for more than 120 job positions in this sector. It offers data from three key regions, includes both candidate salary expectations and employer requirements, and highlights current trends \u2013 from international recruitment and employee retention to digital transformation.","robots":{"index":"index","follow":"follow","max-snippet":"max-snippet:-1","max-image-preview":"max-image-preview:large","max-video-preview":"max-video-preview:-1"},"canonical":"https:\/\/cz.gigroup.com\/en\/for-employers\/our-surveys\/salary-guide-for-the-business-services-sector-2025\/","og_locale":"en_GB","og_type":"article","og_title":"Salary Guide for the Business Services Sector 2025","og_description":"Our annual salary survey provides a detailed overview of compensation for more than 120 job positions in this sector. It offers data from three key regions, includes both candidate salary expectations and employer requirements, and highlights current trends \u2013 from international recruitment and employee retention to digital transformation.","og_url":"https:\/\/cz.gigroup.com\/en\/for-employers\/our-surveys\/salary-guide-for-the-business-services-sector-2025\/","og_site_name":"Gi Group Czech Rep","article_modified_time":"2026-03-28T19:32:40+00:00","twitter_card":"summary_large_image","schema":{"@context":"https:\/\/schema.org","@graph":[{"@type":"WebPage","@id":"https:\/\/cz.gigroup.com\/en\/for-employers\/our-surveys\/salary-guide-for-the-business-services-sector-2025\/","url":"https:\/\/cz.gigroup.com\/en\/for-employers\/our-surveys\/salary-guide-for-the-business-services-sector-2025\/","name":"Salary Guide for the Business Services Sector 2025","isPartOf":{"@id":"https:\/\/cz.gigroup.com\/#website"},"datePublished":"2026-01-13T12:08:17+00:00","dateModified":"2026-03-28T19:32:40+00:00","description":"Our annual salary survey provides a detailed overview of compensation for more than 120 job positions in this sector. It offers data from three key regions, includes both candidate salary expectations and employer requirements, and highlights current trends \u2013 from international recruitment and employee retention to digital transformation.","breadcrumb":{"@id":"https:\/\/cz.gigroup.com\/en\/for-employers\/our-surveys\/salary-guide-for-the-business-services-sector-2025\/#breadcrumb"},"inLanguage":"en-GB","potentialAction":[{"@type":"ReadAction","target":["https:\/\/cz.gigroup.com\/en\/for-employers\/our-surveys\/salary-guide-for-the-business-services-sector-2025\/"]}]},{"@type":"BreadcrumbList","@id":"https:\/\/cz.gigroup.com\/en\/for-employers\/our-surveys\/salary-guide-for-the-business-services-sector-2025\/#breadcrumb","itemListElement":[{"@type":"ListItem","position":1,"name":"Home","item":"https:\/\/cz.gigroup.com\/en\/home\/"},{"@type":"ListItem","position":2,"name":"For companies","item":"https:\/\/cz.gigroup.com\/en\/for-employers\/"},{"@type":"ListItem","position":3,"name":"Our Surveys","item":"https:\/\/cz.gigroup.com\/en\/for-employers\/our-surveys\/"},{"@type":"ListItem","position":4,"name":"Salary Guide for the Business Services Sector 2025"}]},{"@type":"WebSite","@id":"https:\/\/cz.gigroup.com\/#website","url":"https:\/\/cz.gigroup.com\/","name":"Gi Group Czech Rep","description":"\u0158e\u0161en\u00ed do\u010dasn\u00e9ho i trval\u00e9ho zam\u011bstn\u00e1v\u00e1n\u00ed pro firmy","potentialAction":[{"@type":"SearchAction","target":{"@type":"EntryPoint","urlTemplate":"https:\/\/cz.gigroup.com\/?s={search_term_string}"},"query-input":{"@type":"PropertyValueSpecification","valueRequired":true,"valueName":"search_term_string"}}],"inLanguage":"en-GB"}]}},"_links":{"self":[{"href":"https:\/\/cz.gigroup.com\/en\/wp-json\/wp\/v2\/pages\/5930","targetHints":{"allow":["GET"]}}],"collection":[{"href":"https:\/\/cz.gigroup.com\/en\/wp-json\/wp\/v2\/pages"}],"about":[{"href":"https:\/\/cz.gigroup.com\/en\/wp-json\/wp\/v2\/types\/page"}],"author":[{"embeddable":true,"href":"https:\/\/cz.gigroup.com\/en\/wp-json\/wp\/v2\/users\/1"}],"replies":[{"embeddable":true,"href":"https:\/\/cz.gigroup.com\/en\/wp-json\/wp\/v2\/comments?post=5930"}],"version-history":[{"count":4,"href":"https:\/\/cz.gigroup.com\/en\/wp-json\/wp\/v2\/pages\/5930\/revisions"}],"predecessor-version":[{"id":6401,"href":"https:\/\/cz.gigroup.com\/en\/wp-json\/wp\/v2\/pages\/5930\/revisions\/6401"}],"up":[{"embeddable":true,"href":"https:\/\/cz.gigroup.com\/en\/wp-json\/wp\/v2\/pages\/4463"}],"wp:attachment":[{"href":"https:\/\/cz.gigroup.com\/en\/wp-json\/wp\/v2\/media?parent=5930"}],"curies":[{"name":"wp","href":"https:\/\/api.w.org\/{rel}","templated":true}]}}