{"id":5936,"date":"2026-03-15T15:21:32","date_gmt":"2026-03-15T14:21:32","guid":{"rendered":"https:\/\/cz.gigroup.com\/for-candidates\/cv-and-cover-letter\/cover-letter-template\/"},"modified":"2026-03-26T22:22:29","modified_gmt":"2026-03-26T21:22:29","slug":"cover-letter-template","status":"publish","type":"page","link":"https:\/\/cz.gigroup.com\/en\/for-candidates\/cv-and-cover-letter\/cover-letter-template\/","title":{"rendered":"Cover Letter Template"},"content":{"rendered":"","protected":false},"excerpt":{"rendered":"","protected":false},"author":59,"featured_media":0,"parent":5844,"menu_order":0,"comment_status":"closed","ping_status":"closed","template":"","meta":{"footnotes":""},"class_list":["post-5936","page","type-page","status-publish","hentry"],"yoast_head":"<!-- This site is optimized with the Yoast SEO Premium plugin v27.4 (Yoast SEO v27.4) - https:\/\/yoast.com\/product\/yoast-seo-premium-wordpress\/ -->\n<title>Cover Letter Template - Gi Group Czech Rep<\/title>\n<meta name=\"robots\" content=\"index, follow, max-snippet:-1, max-image-preview:large, max-video-preview:-1\" \/>\n<link rel=\"canonical\" href=\"https:\/\/cz.gigroup.com\/en\/for-candidates\/cv-and-cover-letter\/cover-letter-template\/\" \/>\n<meta property=\"og:locale\" content=\"en_GB\" \/>\n<meta property=\"og:type\" content=\"article\" \/>\n<meta property=\"og:title\" content=\"Cover Letter Template\" \/>\n<meta property=\"og:url\" content=\"https:\/\/cz.gigroup.com\/en\/for-candidates\/cv-and-cover-letter\/cover-letter-template\/\" \/>\n<meta property=\"og:site_name\" content=\"Gi Group Czech Rep\" \/>\n<meta property=\"article:modified_time\" content=\"2026-03-26T21:22:29+00:00\" \/>\n<meta name=\"twitter:card\" content=\"summary_large_image\" \/>\n<script type=\"application\/ld+json\" class=\"yoast-schema-graph\">{\"@context\":\"https:\\\/\\\/schema.org\",\"@graph\":[{\"@type\":\"WebPage\",\"@id\":\"https:\\\/\\\/cz.gigroup.com\\\/en\\\/for-candidates\\\/cv-and-cover-letter\\\/cover-letter-template\\\/\",\"url\":\"https:\\\/\\\/cz.gigroup.com\\\/en\\\/for-candidates\\\/cv-and-cover-letter\\\/cover-letter-template\\\/\",\"name\":\"Cover Letter Template - Gi Group Czech Rep\",\"isPartOf\":{\"@id\":\"https:\\\/\\\/cz.gigroup.com\\\/#website\"},\"datePublished\":\"2026-03-15T14:21:32+00:00\",\"dateModified\":\"2026-03-26T21:22:29+00:00\",\"breadcrumb\":{\"@id\":\"https:\\\/\\\/cz.gigroup.com\\\/en\\\/for-candidates\\\/cv-and-cover-letter\\\/cover-letter-template\\\/#breadcrumb\"},\"inLanguage\":\"en-GB\",\"potentialAction\":[{\"@type\":\"ReadAction\",\"target\":[\"https:\\\/\\\/cz.gigroup.com\\\/en\\\/for-candidates\\\/cv-and-cover-letter\\\/cover-letter-template\\\/\"]}]},{\"@type\":\"BreadcrumbList\",\"@id\":\"https:\\\/\\\/cz.gigroup.com\\\/en\\\/for-candidates\\\/cv-and-cover-letter\\\/cover-letter-template\\\/#breadcrumb\",\"itemListElement\":[{\"@type\":\"ListItem\",\"position\":1,\"name\":\"Home\",\"item\":\"https:\\\/\\\/cz.gigroup.com\\\/en\\\/home\\\/\"},{\"@type\":\"ListItem\",\"position\":2,\"name\":\"For Candidates\",\"item\":\"https:\\\/\\\/cz.gigroup.com\\\/en\\\/for-candidates\\\/\"},{\"@type\":\"ListItem\",\"position\":3,\"name\":\"CV and Cover Letter\",\"item\":\"https:\\\/\\\/cz.gigroup.com\\\/en\\\/for-candidates\\\/cv-and-cover-letter\\\/\"},{\"@type\":\"ListItem\",\"position\":4,\"name\":\"Cover Letter Template\"}]},{\"@type\":\"WebSite\",\"@id\":\"https:\\\/\\\/cz.gigroup.com\\\/#website\",\"url\":\"https:\\\/\\\/cz.gigroup.com\\\/\",\"name\":\"Gi Group Czech Rep\",\"description\":\"\u0158e\u0161en\u00ed do\u010dasn\u00e9ho i trval\u00e9ho zam\u011bstn\u00e1v\u00e1n\u00ed pro firmy\",\"potentialAction\":[{\"@type\":\"SearchAction\",\"target\":{\"@type\":\"EntryPoint\",\"urlTemplate\":\"https:\\\/\\\/cz.gigroup.com\\\/?s={search_term_string}\"},\"query-input\":{\"@type\":\"PropertyValueSpecification\",\"valueRequired\":true,\"valueName\":\"search_term_string\"}}],\"inLanguage\":\"en-GB\"}]}<\/script>\n<!-- \/ Yoast SEO Premium plugin. -->","yoast_head_json":{"title":"Cover Letter Template - Gi Group Czech Rep","robots":{"index":"index","follow":"follow","max-snippet":"max-snippet:-1","max-image-preview":"max-image-preview:large","max-video-preview":"max-video-preview:-1"},"canonical":"https:\/\/cz.gigroup.com\/en\/for-candidates\/cv-and-cover-letter\/cover-letter-template\/","og_locale":"en_GB","og_type":"article","og_title":"Cover Letter Template","og_url":"https:\/\/cz.gigroup.com\/en\/for-candidates\/cv-and-cover-letter\/cover-letter-template\/","og_site_name":"Gi Group Czech Rep","article_modified_time":"2026-03-26T21:22:29+00:00","twitter_card":"summary_large_image","schema":{"@context":"https:\/\/schema.org","@graph":[{"@type":"WebPage","@id":"https:\/\/cz.gigroup.com\/en\/for-candidates\/cv-and-cover-letter\/cover-letter-template\/","url":"https:\/\/cz.gigroup.com\/en\/for-candidates\/cv-and-cover-letter\/cover-letter-template\/","name":"Cover Letter Template - Gi Group Czech Rep","isPartOf":{"@id":"https:\/\/cz.gigroup.com\/#website"},"datePublished":"2026-03-15T14:21:32+00:00","dateModified":"2026-03-26T21:22:29+00:00","breadcrumb":{"@id":"https:\/\/cz.gigroup.com\/en\/for-candidates\/cv-and-cover-letter\/cover-letter-template\/#breadcrumb"},"inLanguage":"en-GB","potentialAction":[{"@type":"ReadAction","target":["https:\/\/cz.gigroup.com\/en\/for-candidates\/cv-and-cover-letter\/cover-letter-template\/"]}]},{"@type":"BreadcrumbList","@id":"https:\/\/cz.gigroup.com\/en\/for-candidates\/cv-and-cover-letter\/cover-letter-template\/#breadcrumb","itemListElement":[{"@type":"ListItem","position":1,"name":"Home","item":"https:\/\/cz.gigroup.com\/en\/home\/"},{"@type":"ListItem","position":2,"name":"For Candidates","item":"https:\/\/cz.gigroup.com\/en\/for-candidates\/"},{"@type":"ListItem","position":3,"name":"CV and Cover Letter","item":"https:\/\/cz.gigroup.com\/en\/for-candidates\/cv-and-cover-letter\/"},{"@type":"ListItem","position":4,"name":"Cover Letter Template"}]},{"@type":"WebSite","@id":"https:\/\/cz.gigroup.com\/#website","url":"https:\/\/cz.gigroup.com\/","name":"Gi Group Czech Rep","description":"\u0158e\u0161en\u00ed do\u010dasn\u00e9ho i trval\u00e9ho zam\u011bstn\u00e1v\u00e1n\u00ed pro firmy","potentialAction":[{"@type":"SearchAction","target":{"@type":"EntryPoint","urlTemplate":"https:\/\/cz.gigroup.com\/?s={search_term_string}"},"query-input":{"@type":"PropertyValueSpecification","valueRequired":true,"valueName":"search_term_string"}}],"inLanguage":"en-GB"}]}},"_links":{"self":[{"href":"https:\/\/cz.gigroup.com\/en\/wp-json\/wp\/v2\/pages\/5936","targetHints":{"allow":["GET"]}}],"collection":[{"href":"https:\/\/cz.gigroup.com\/en\/wp-json\/wp\/v2\/pages"}],"about":[{"href":"https:\/\/cz.gigroup.com\/en\/wp-json\/wp\/v2\/types\/page"}],"author":[{"embeddable":true,"href":"https:\/\/cz.gigroup.com\/en\/wp-json\/wp\/v2\/users\/59"}],"replies":[{"embeddable":true,"href":"https:\/\/cz.gigroup.com\/en\/wp-json\/wp\/v2\/comments?post=5936"}],"version-history":[{"count":4,"href":"https:\/\/cz.gigroup.com\/en\/wp-json\/wp\/v2\/pages\/5936\/revisions"}],"predecessor-version":[{"id":6309,"href":"https:\/\/cz.gigroup.com\/en\/wp-json\/wp\/v2\/pages\/5936\/revisions\/6309"}],"up":[{"embeddable":true,"href":"https:\/\/cz.gigroup.com\/en\/wp-json\/wp\/v2\/pages\/5844"}],"wp:attachment":[{"href":"https:\/\/cz.gigroup.com\/en\/wp-json\/wp\/v2\/media?parent=5936"}],"curies":[{"name":"wp","href":"https:\/\/api.w.org\/{rel}","templated":true}]}}