{"id":6581,"date":"2026-03-30T23:50:02","date_gmt":"2026-03-30T21:50:02","guid":{"rendered":"https:\/\/cz.gigroup.com\/for-employers\/recruitment-process-outsourcing-rpo\/"},"modified":"2026-03-31T00:01:29","modified_gmt":"2026-03-30T22:01:29","slug":"recruitment-process-outsourcing-rpo","status":"publish","type":"page","link":"https:\/\/cz.gigroup.com\/en\/for-employers\/recruitment-process-outsourcing-rpo\/","title":{"rendered":"Recruitment Process Outsourcing (RPO)"},"content":{"rendered":"","protected":false},"excerpt":{"rendered":"","protected":false},"author":59,"featured_media":0,"parent":4454,"menu_order":0,"comment_status":"closed","ping_status":"closed","template":"","meta":{"footnotes":""},"class_list":["post-6581","page","type-page","status-publish","hentry"],"yoast_head":"<!-- This site is optimized with the Yoast SEO Premium plugin v27.4 (Yoast SEO v27.4) - https:\/\/yoast.com\/product\/yoast-seo-premium-wordpress\/ -->\n<title>Recruitment Process Outsourcing (RPO) - Gi Group Czech Rep<\/title>\n<meta name=\"robots\" content=\"index, follow, max-snippet:-1, max-image-preview:large, max-video-preview:-1\" \/>\n<link rel=\"canonical\" href=\"https:\/\/cz.gigroup.com\/en\/for-employers\/recruitment-process-outsourcing-rpo\/\" \/>\n<meta property=\"og:locale\" content=\"en_GB\" \/>\n<meta property=\"og:type\" content=\"article\" \/>\n<meta property=\"og:title\" content=\"Recruitment Process Outsourcing (RPO)\" \/>\n<meta property=\"og:url\" content=\"https:\/\/cz.gigroup.com\/en\/for-employers\/recruitment-process-outsourcing-rpo\/\" \/>\n<meta property=\"og:site_name\" content=\"Gi Group Czech Rep\" \/>\n<meta property=\"article:modified_time\" content=\"2026-03-30T22:01:29+00:00\" \/>\n<meta name=\"twitter:card\" content=\"summary_large_image\" \/>\n<script type=\"application\/ld+json\" class=\"yoast-schema-graph\">{\"@context\":\"https:\\\/\\\/schema.org\",\"@graph\":[{\"@type\":\"WebPage\",\"@id\":\"https:\\\/\\\/cz.gigroup.com\\\/en\\\/for-employers\\\/recruitment-process-outsourcing-rpo\\\/\",\"url\":\"https:\\\/\\\/cz.gigroup.com\\\/en\\\/for-employers\\\/recruitment-process-outsourcing-rpo\\\/\",\"name\":\"Recruitment Process Outsourcing (RPO) - Gi Group Czech Rep\",\"isPartOf\":{\"@id\":\"https:\\\/\\\/cz.gigroup.com\\\/#website\"},\"datePublished\":\"2026-03-30T21:50:02+00:00\",\"dateModified\":\"2026-03-30T22:01:29+00:00\",\"breadcrumb\":{\"@id\":\"https:\\\/\\\/cz.gigroup.com\\\/en\\\/for-employers\\\/recruitment-process-outsourcing-rpo\\\/#breadcrumb\"},\"inLanguage\":\"en-GB\",\"potentialAction\":[{\"@type\":\"ReadAction\",\"target\":[\"https:\\\/\\\/cz.gigroup.com\\\/en\\\/for-employers\\\/recruitment-process-outsourcing-rpo\\\/\"]}]},{\"@type\":\"BreadcrumbList\",\"@id\":\"https:\\\/\\\/cz.gigroup.com\\\/en\\\/for-employers\\\/recruitment-process-outsourcing-rpo\\\/#breadcrumb\",\"itemListElement\":[{\"@type\":\"ListItem\",\"position\":1,\"name\":\"Home\",\"item\":\"https:\\\/\\\/cz.gigroup.com\\\/en\\\/home\\\/\"},{\"@type\":\"ListItem\",\"position\":2,\"name\":\"For companies\",\"item\":\"https:\\\/\\\/cz.gigroup.com\\\/en\\\/for-employers\\\/\"},{\"@type\":\"ListItem\",\"position\":3,\"name\":\"Recruitment Process Outsourcing (RPO)\"}]},{\"@type\":\"WebSite\",\"@id\":\"https:\\\/\\\/cz.gigroup.com\\\/#website\",\"url\":\"https:\\\/\\\/cz.gigroup.com\\\/\",\"name\":\"Gi Group Czech Rep\",\"description\":\"\u0158e\u0161en\u00ed do\u010dasn\u00e9ho i trval\u00e9ho zam\u011bstn\u00e1v\u00e1n\u00ed pro firmy\",\"potentialAction\":[{\"@type\":\"SearchAction\",\"target\":{\"@type\":\"EntryPoint\",\"urlTemplate\":\"https:\\\/\\\/cz.gigroup.com\\\/?s={search_term_string}\"},\"query-input\":{\"@type\":\"PropertyValueSpecification\",\"valueRequired\":true,\"valueName\":\"search_term_string\"}}],\"inLanguage\":\"en-GB\"}]}<\/script>\n<!-- \/ Yoast SEO Premium plugin. -->","yoast_head_json":{"title":"Recruitment Process Outsourcing (RPO) - Gi Group Czech Rep","robots":{"index":"index","follow":"follow","max-snippet":"max-snippet:-1","max-image-preview":"max-image-preview:large","max-video-preview":"max-video-preview:-1"},"canonical":"https:\/\/cz.gigroup.com\/en\/for-employers\/recruitment-process-outsourcing-rpo\/","og_locale":"en_GB","og_type":"article","og_title":"Recruitment Process Outsourcing (RPO)","og_url":"https:\/\/cz.gigroup.com\/en\/for-employers\/recruitment-process-outsourcing-rpo\/","og_site_name":"Gi Group Czech Rep","article_modified_time":"2026-03-30T22:01:29+00:00","twitter_card":"summary_large_image","schema":{"@context":"https:\/\/schema.org","@graph":[{"@type":"WebPage","@id":"https:\/\/cz.gigroup.com\/en\/for-employers\/recruitment-process-outsourcing-rpo\/","url":"https:\/\/cz.gigroup.com\/en\/for-employers\/recruitment-process-outsourcing-rpo\/","name":"Recruitment Process Outsourcing (RPO) - Gi Group Czech Rep","isPartOf":{"@id":"https:\/\/cz.gigroup.com\/#website"},"datePublished":"2026-03-30T21:50:02+00:00","dateModified":"2026-03-30T22:01:29+00:00","breadcrumb":{"@id":"https:\/\/cz.gigroup.com\/en\/for-employers\/recruitment-process-outsourcing-rpo\/#breadcrumb"},"inLanguage":"en-GB","potentialAction":[{"@type":"ReadAction","target":["https:\/\/cz.gigroup.com\/en\/for-employers\/recruitment-process-outsourcing-rpo\/"]}]},{"@type":"BreadcrumbList","@id":"https:\/\/cz.gigroup.com\/en\/for-employers\/recruitment-process-outsourcing-rpo\/#breadcrumb","itemListElement":[{"@type":"ListItem","position":1,"name":"Home","item":"https:\/\/cz.gigroup.com\/en\/home\/"},{"@type":"ListItem","position":2,"name":"For companies","item":"https:\/\/cz.gigroup.com\/en\/for-employers\/"},{"@type":"ListItem","position":3,"name":"Recruitment Process Outsourcing (RPO)"}]},{"@type":"WebSite","@id":"https:\/\/cz.gigroup.com\/#website","url":"https:\/\/cz.gigroup.com\/","name":"Gi Group Czech Rep","description":"\u0158e\u0161en\u00ed do\u010dasn\u00e9ho i trval\u00e9ho zam\u011bstn\u00e1v\u00e1n\u00ed pro firmy","potentialAction":[{"@type":"SearchAction","target":{"@type":"EntryPoint","urlTemplate":"https:\/\/cz.gigroup.com\/?s={search_term_string}"},"query-input":{"@type":"PropertyValueSpecification","valueRequired":true,"valueName":"search_term_string"}}],"inLanguage":"en-GB"}]}},"_links":{"self":[{"href":"https:\/\/cz.gigroup.com\/en\/wp-json\/wp\/v2\/pages\/6581","targetHints":{"allow":["GET"]}}],"collection":[{"href":"https:\/\/cz.gigroup.com\/en\/wp-json\/wp\/v2\/pages"}],"about":[{"href":"https:\/\/cz.gigroup.com\/en\/wp-json\/wp\/v2\/types\/page"}],"author":[{"embeddable":true,"href":"https:\/\/cz.gigroup.com\/en\/wp-json\/wp\/v2\/users\/59"}],"replies":[{"embeddable":true,"href":"https:\/\/cz.gigroup.com\/en\/wp-json\/wp\/v2\/comments?post=6581"}],"version-history":[{"count":2,"href":"https:\/\/cz.gigroup.com\/en\/wp-json\/wp\/v2\/pages\/6581\/revisions"}],"predecessor-version":[{"id":6583,"href":"https:\/\/cz.gigroup.com\/en\/wp-json\/wp\/v2\/pages\/6581\/revisions\/6583"}],"up":[{"embeddable":true,"href":"https:\/\/cz.gigroup.com\/en\/wp-json\/wp\/v2\/pages\/4454"}],"wp:attachment":[{"href":"https:\/\/cz.gigroup.com\/en\/wp-json\/wp\/v2\/media?parent=6581"}],"curies":[{"name":"wp","href":"https:\/\/api.w.org\/{rel}","templated":true}]}}